  
{"id":5,"date":"2016-02-22T17:38:55","date_gmt":"2016-02-22T17:38:55","guid":{"rendered":"https:\/\/jpim.es\/?page_id=5"},"modified":"2016-04-18T02:55:15","modified_gmt":"2016-04-18T02:55:15","slug":"treuils","status":"publish","type":"page","link":"https:\/\/jpim.es\/fr\/treuils\/","title":{"rendered":"Treuils","raw":"Treuils"},"content":{"rendered":"<p>Consultez-nous pour les diff\u00e9rents types d&rsquo;accouplement au v\u00e9hicule, moteur, guidage du c\u00e2ble, ou toute adaptation \u00e0 vos besoins. Ne sont indiqu\u00e9s ici que les types les plus repr\u00e9sentatifs.<\/p>\n<table style=\"width: 100%;\" border=\"0\" cellSpacing=\"0\" cellPadding=\"5\">\n<tbody>\n<tr>\n<th style=\"background-color: rgb(56, 103, 44);\" colSpan=\"4\">\n<p style=\"color: rgb(255, 255, 255); font-weight: bold;\">TREUILS<\/p>\n<\/th>\n<\/tr>\n<tr>\n<td>\n\t\t\t\t75B001000 &#8211; Treuil<\/td>\n<td>\n\t\t\t\t<a href=\"\/files\/fichas_pdf\/cabrestantes\/75B001000.pdf\"><i class=\"fa fa-file-pdf-o fa-2x\"><\/i><\/a><\/td>\n<td>\n\t\t\t\t<img decoding=\"async\" style=\"width: 45px; height: 30px;\" alt=\"\" src=\"\/wp-content\/uploads\/directos\/noimage.jpg\"><\/td>\n<\/tr>\n<tr>\n<td>\n\t\t\t\t75D001000 &#8211; Treuil avec coupe circuit<\/td>\n<td>\n\t\t\t\t<a href=\"\/files\/fichas_pdf\/cabrestantes\/75D001000.pdf\"><i class=\"fa fa-file-pdf-o fa-2x\"><\/i><\/a><\/td>\n<td>\n\t\t\t\t<img decoding=\"async\" style=\"width: 45px; height: 30px;\" alt=\"\" src=\"\/wp-content\/uploads\/directos\/productos\/cabrestantes\/75D001000.jpg\"><\/td>\n<\/tr>\n<tr>\n<td>\n\t\t\t\t75C003000 &#8211; Treuil avec coupe circuit<\/td>\n<td>\n\t\t\t\t<a href=\"\/files\/fichas_pdf\/cabrestantes\/75C003000.pdf\"><i class=\"fa fa-file-pdf-o fa-2x\"><\/i><\/a><\/td>\n<td>\n\t\t\t\t<img decoding=\"async\" style=\"width: 45px; height: 30px;\" alt=\"\" src=\"\/wp-content\/uploads\/directos\/productos\/cabrestantes\/75C003000.jpg\"><\/td>\n<\/tr>\n<tr>\n<td>\n\t\t\t\t75B004000 &#8211; Treuil<\/td>\n<td>\n\t\t\t\t<a href=\"\/files\/fichas_pdf\/cabrestantes\/75B004000.pdf\"><i class=\"fa fa-file-pdf-o fa-2x\"><\/i><\/a><\/td>\n<td>\n\t\t\t\t<img decoding=\"async\" style=\"width: 45px; height: 30px;\" alt=\"\" src=\"\/wp-content\/uploads\/directos\/productos\/cabrestantes\/75B004000.jpg\"><\/td>\n<\/tr>\n<tr>\n<td>\n\t\t\t\t750000000 &#8211; Coupe circuit pour treuil<\/td>\n<td>\n\t\t\t\t<a href=\"\/files\/fichas_pdf\/cabrestantes\/750000000.pdf\"><i class=\"fa fa-file-pdf-o fa-2x\"><\/i><\/a><\/td>\n<td>\n\t\t\t\t<img decoding=\"async\" style=\"width: 45px; height: 30px;\" alt=\"\" src=\"\/wp-content\/uploads\/directos\/noimage.jpg\"><\/td>\n<\/tr>\n<\/tbody>\n<\/table>\n","protected":false,"raw":"<p>Consultez-nous pour les diff\u00e9rents types d'accouplement au v\u00e9hicule, moteur, guidage du c\u00e2ble, ou toute adaptation \u00e0 vos besoins. Ne sont indiqu\u00e9s ici que les types les plus repr\u00e9sentatifs.<\/p>\r\n<table style=\"width: 100%;\" border=\"0\" cellSpacing=\"0\" cellPadding=\"5\">\r\n\t<tbody>\r\n\t\t<tr>\r\n\t\t\t<th style=\"background-color: rgb(56, 103, 44);\" colSpan=\"4\">\r\n\t\t\t\t\r\n\t\t\t\t\t<p style=\"color: rgb(255, 255, 255); font-weight: bold;\">TREUILS<\/p>\r\n\t\t\t<\/th>\r\n\t\t<\/tr>\r\n\t\t<tr>\r\n\t\t\t<td>\r\n\t\t\t\t75B001000 - Treuil<\/td>\r\n\t\t\t<td>\r\n\t\t\t\t<a href=\"\/files\/fichas_pdf\/cabrestantes\/75B001000.pdf\"><i class=\"fa fa-file-pdf-o fa-2x\"><\/i><\/a><\/td>\r\n\t\t\t<td>\r\n\t\t\t\t<img style=\"width: 45px; height: 30px;\" alt=\"\" src=\"\/wp-content\/uploads\/directos\/noimage.jpg\"><\/td>\r\n\t\t<\/tr>\r\n\t\t<tr>\r\n\t\t\t<td>\r\n\t\t\t\t75D001000 - Treuil avec coupe circuit<\/td>\r\n\t\t\t<td>\r\n\t\t\t\t<a href=\"\/files\/fichas_pdf\/cabrestantes\/75D001000.pdf\"><i class=\"fa fa-file-pdf-o fa-2x\"><\/i><\/a><\/td>\r\n\t\t\t<td>\r\n\t\t\t\t<img style=\"width: 45px; height: 30px;\" alt=\"\" src=\"\/wp-content\/uploads\/directos\/productos\/cabrestantes\/75D001000.jpg\"><\/td>\r\n\t\t<\/tr>\r\n\t\t<tr>\r\n\t\t\t<td>\r\n\t\t\t\t75C003000 - Treuil avec coupe circuit<\/td>\r\n\t\t\t<td>\r\n\t\t\t\t<a href=\"\/files\/fichas_pdf\/cabrestantes\/75C003000.pdf\"><i class=\"fa fa-file-pdf-o fa-2x\"><\/i><\/a><\/td>\r\n\t\t\t<td>\r\n\t\t\t\t<img style=\"width: 45px; height: 30px;\" alt=\"\" src=\"\/wp-content\/uploads\/directos\/productos\/cabrestantes\/75C003000.jpg\"><\/td>\r\n\t\t<\/tr>\r\n\t\t<tr>\r\n\t\t\t<td>\r\n\t\t\t\t75B004000 - Treuil<\/td>\r\n\t\t\t<td>\r\n\t\t\t\t<a href=\"\/files\/fichas_pdf\/cabrestantes\/75B004000.pdf\"><i class=\"fa fa-file-pdf-o fa-2x\"><\/i><\/a><\/td>\r\n\t\t\t<td>\r\n\t\t\t\t<img style=\"width: 45px; height: 30px;\" alt=\"\" src=\"\/wp-content\/uploads\/directos\/productos\/cabrestantes\/75B004000.jpg\"><\/td>\r\n\t\t<\/tr>\r\n\t\t<tr>\r\n\t\t\t<td>\r\n\t\t\t\t750000000 - Coupe circuit pour treuil<\/td>\r\n\t\t\t<td>\r\n\t\t\t\t<a href=\"\/files\/fichas_pdf\/cabrestantes\/750000000.pdf\"><i class=\"fa fa-file-pdf-o fa-2x\"><\/i><\/a><\/td>\r\n\t\t\t<td>\r\n\t\t\t\t<img style=\"width: 45px; height: 30px;\" alt=\"\" src=\"\/wp-content\/uploads\/directos\/noimage.jpg\"><\/td>\r\n\t\t<\/tr>\r\n\t<\/tbody>\r\n<\/table>"},"excerpt":{"rendered":"","protected":false,"raw":""},"author":1,"featured_media":0,"parent":0,"menu_order":0,"comment_status":"closed","ping_status":"closed","template":"","meta":{"_es_post_content":"<p>Consultar los distintos tipos de acople al veh\u00edculo, motor,  guiado del cable, o cualquier adaptaci\u00f3n a sus necesidades, se muestran los tipos m\u00e1s representativos.<\/p>\r\n<table border=\"0\" cellpadding=\"5\" cellspacing=\"0\" style=\"width: 100%;\">\r\n\t<tbody>\r\n\t\t<tr>\r\n\t\t\t<th colspan=\"4\" style=\"background-color: rgb(56, 103, 44);\">\r\n\t\t\t\t\r\n\t\t\t\t\t<p style=\"color: rgb(255, 255, 255); font-weight: bold;\">CABRESTANTES<\/p>\r\n\t\t\t<\/th>\r\n\t\t<\/tr>\r\n\t\t<tr>\r\n\t\t\t<td>\r\n\t\t\t\t75B001000 - Cabrestante<\/td>\r\n\t\t\t<td>\r\n\t\t\t\t<a href=\"\/files\/fichas_pdf\/cabrestantes\/75B001000.pdf\"><i class=\"fa fa-file-pdf-o fa-2x\"><\/i><\/a><\/td>\r\n\t\t\t<td>\r\n\t\t\t\t<img alt=\"\" src=\"https:\/\/jpim.es\/wp-content\/uploads\/directos\/noimage.jpg\" style=\"width: 45px; height: 30px; \" \/><\/td>\r\n\t\t<\/tr>\r\n\t\t<tr>\r\n\t\t\t<td>\r\n\t\t\t\t75D001000 - Cabrestante con desconectador<\/td>\r\n\t\t\t<td>\r\n\t\t\t\t<a href=\"\/files\/fichas_pdf\/cabrestantes\/75D001000.pdf\"><i class=\"fa fa-file-pdf-o fa-2x\"><\/i><\/a><\/td>\r\n\t\t\t<td>\r\n\t\t\t\t<a href=\"https:\/\/jpim.es\/wp-content\/uploads\/directos\/productos\/cabrestantes\/75D001000.jpg\" ><img alt=\"\" src=\"https:\/\/jpim.es\/wp-content\/uploads\/directos\/productos\/cabrestantes\/75D001000.jpg\" style=\"width: 45px; height: 30px; \" \/><\/a><\/td>\r\n\t\t<\/tr>\r\n\t\t<tr>\r\n\t\t\t<td>\r\n\t\t\t\t75C003000 - Cabrestante con desconectador<\/td>\r\n\t\t\t<td>\r\n\t\t\t\t<a href=\"\/files\/fichas_pdf\/cabrestantes\/75C003000.pdf\"><i class=\"fa fa-file-pdf-o fa-2x\"><\/i><\/a><\/td>\r\n\t\t\t<td>\r\n\t\t\t\t<img   alt=\"\" src=\"https:\/\/jpim.es\/wp-content\/uploads\/directos\/productos\/cabrestantes\/75C003000.jpg\" style=\"width: 45px; height: 30px; \" \/><\/td>\r\n\t\t<\/tr>\r\n\t\t<tr>\r\n\t\t\t<td>\r\n\t\t\t\t75B004000 - Cabrestante<\/td>\r\n\t\t\t<td>\r\n\t\t\t\t<a href=\"\/files\/fichas_pdf\/cabrestantes\/75B004000.pdf\"><i class=\"fa fa-file-pdf-o fa-2x\"><\/i><\/a><\/td>\r\n\t\t\t<td>\r\n\t\t\t\t<img   alt=\"\" src=\"https:\/\/jpim.es\/wp-content\/uploads\/directos\/productos\/cabrestantes\/75B004000.jpg\" style=\"width: 45px; height: 30px; \" \/><\/td>\r\n\t\t<\/tr>\r\n\t\t<tr>\r\n\t\t\t<td>\r\n\t\t\t\t750000000 - Desconectador para cabrestante<\/td>\r\n\t\t\t<td>\r\n\t\t\t\t<a href=\"\/files\/fichas_pdf\/cabrestantes\/750000000.pdf\"><i class=\"fa fa-file-pdf-o fa-2x\"><\/i><\/a><\/td>\r\n\t\t\t<td>\r\n\t\t\t\t<img   alt=\"\" src=\"https:\/\/jpim.es\/wp-content\/uploads\/directos\/noimage.jpg\" style=\"width: 45px; height: 30px; \" \/><\/td>\r\n\t\t<\/tr>\r\n\t<\/tbody>\r\n<\/table>","_es_post_name":"cabrestantes","_es_post_excerpt":"","_es_post_title":"Cabrestantes","_en_post_content":"<p>Consult the different types of vehicle coupling, motor, cable guiding or any adaptation to your needs; the most representative types have been shown:<\/p>\r\n<table style=\"width: 100%;\" border=\"0\" cellSpacing=\"0\" cellPadding=\"5\">\r\n\t<tbody>\r\n\t\t<tr>\r\n\t\t\t<th style=\"background-color: rgb(56, 103, 44);\" colSpan=\"4\">\r\n\t\t\t\t\r\n\t\t\t\t\t<p style=\"color: rgb(255, 255, 255); font-weight: bold;\">PULLING WINCHES<\/p>\r\n\t\t\t<\/th>\r\n\t\t<\/tr>\r\n\t\t<tr>\r\n\t\t\t<td>\r\n\t\t\t\t75B001000 - Winch<\/td>\r\n\t\t\t<td>\r\n\t\t\t\t<a href=\"\/files\/fichas_pdf\/cabrestantes\/75B001000.pdf\"><i class=\"fa fa-file-pdf-o fa-2x\"><\/i><\/a><\/td>\r\n\t\t\t<td>\r\n\t\t\t\t<img style=\"width: 45px; height: 30px;\" alt=\"\" src=\"\/wp-content\/uploads\/directos\/noimage.jpg\"><\/td>\r\n\t\t<\/tr>\r\n\t\t<tr>\r\n\t\t\t<td>\r\n\t\t\t\t75D001000 - Winch with disconnector<\/td>\r\n\t\t\t<td>\r\n\t\t\t\t<a href=\"\/files\/fichas_pdf\/cabrestantes\/75D001000.pdf\"><i class=\"fa fa-file-pdf-o fa-2x\"><\/i><\/a><\/td>\r\n\t\t\t<td>\r\n\t\t\t\t<img style=\"width: 45px; height: 30px;\" alt=\"\" src=\"\/wp-content\/uploads\/directos\/productos\/cabrestantes\/75D001000.jpg\"><\/td>\r\n\t\t<\/tr>\r\n\t\t<tr>\r\n\t\t\t<td>\r\n\t\t\t\t75C003000 - Winch with disconnector<\/td>\r\n\t\t\t<td>\r\n\t\t\t\t<a href=\"\/files\/fichas_pdf\/cabrestantes\/75C003000.pdf\"><i class=\"fa fa-file-pdf-o fa-2x\"><\/i><\/a><\/td>\r\n\t\t\t<td>\r\n\t\t\t\t<img style=\"width: 45px; height: 30px;\" alt=\"\" src=\"\/wp-content\/uploads\/directos\/productos\/cabrestantes\/75C003000.jpg\"><\/td>\r\n\t\t<\/tr>\r\n\t\t<tr>\r\n\t\t\t<td>\r\n\t\t\t\t75B004000 - Winch<\/td>\r\n\t\t\t<td>\r\n\t\t\t\t<a href=\"\/files\/fichas_pdf\/cabrestantes\/75B004000.pdf\"><i class=\"fa fa-file-pdf-o fa-2x\"><\/i><\/a><\/td>\r\n\t\t\t<td>\r\n\t\t\t\t<img style=\"width: 45px; height: 30px;\" alt=\"\" src=\"\/wp-content\/uploads\/directos\/productos\/cabrestantes\/75B004000.jpg\"><\/td>\r\n\t\t<\/tr>\r\n\t\t<tr>\r\n\t\t\t<td>\r\n\t\t\t\t750000000 - Disconnector for pulling winch<\/td>\r\n\t\t\t<td>\r\n\t\t\t\t<a href=\"\/files\/fichas_pdf\/cabrestantes\/750000000.pdf\"><i class=\"fa fa-file-pdf-o fa-2x\"><\/i><\/a><\/td>\r\n\t\t\t<td>\r\n\t\t\t\t<img style=\"width: 45px; height: 30px;\" alt=\"\" src=\"\/wp-content\/uploads\/directos\/noimage.jpg\"><\/td>\r\n\t\t<\/tr>\r\n\t<\/tbody>\r\n<\/table>","_en_post_name":"pulling-winches","_en_post_excerpt":"","_en_post_title":"Pulling Winches","_fr_post_content":"<p>Consultez-nous pour les diff\u00e9rents types d'accouplement au v\u00e9hicule, moteur, guidage du c\u00e2ble, ou toute adaptation \u00e0 vos besoins. Ne sont indiqu\u00e9s ici que les types les plus repr\u00e9sentatifs.<\/p>\r\n<table style=\"width: 100%;\" border=\"0\" cellSpacing=\"0\" cellPadding=\"5\">\r\n\t<tbody>\r\n\t\t<tr>\r\n\t\t\t<th style=\"background-color: rgb(56, 103, 44);\" colSpan=\"4\">\r\n\t\t\t\t\r\n\t\t\t\t\t<p style=\"color: rgb(255, 255, 255); font-weight: bold;\">TREUILS<\/p>\r\n\t\t\t<\/th>\r\n\t\t<\/tr>\r\n\t\t<tr>\r\n\t\t\t<td>\r\n\t\t\t\t75B001000 - Treuil<\/td>\r\n\t\t\t<td>\r\n\t\t\t\t<a href=\"\/files\/fichas_pdf\/cabrestantes\/75B001000.pdf\"><i class=\"fa fa-file-pdf-o fa-2x\"><\/i><\/a><\/td>\r\n\t\t\t<td>\r\n\t\t\t\t<img style=\"width: 45px; height: 30px;\" alt=\"\" src=\"\/wp-content\/uploads\/directos\/noimage.jpg\"><\/td>\r\n\t\t<\/tr>\r\n\t\t<tr>\r\n\t\t\t<td>\r\n\t\t\t\t75D001000 - Treuil avec coupe circuit<\/td>\r\n\t\t\t<td>\r\n\t\t\t\t<a href=\"\/files\/fichas_pdf\/cabrestantes\/75D001000.pdf\"><i class=\"fa fa-file-pdf-o fa-2x\"><\/i><\/a><\/td>\r\n\t\t\t<td>\r\n\t\t\t\t<img style=\"width: 45px; height: 30px;\" alt=\"\" src=\"\/wp-content\/uploads\/directos\/productos\/cabrestantes\/75D001000.jpg\"><\/td>\r\n\t\t<\/tr>\r\n\t\t<tr>\r\n\t\t\t<td>\r\n\t\t\t\t75C003000 - Treuil avec coupe circuit<\/td>\r\n\t\t\t<td>\r\n\t\t\t\t<a href=\"\/files\/fichas_pdf\/cabrestantes\/75C003000.pdf\"><i class=\"fa fa-file-pdf-o fa-2x\"><\/i><\/a><\/td>\r\n\t\t\t<td>\r\n\t\t\t\t<img style=\"width: 45px; height: 30px;\" alt=\"\" src=\"\/wp-content\/uploads\/directos\/productos\/cabrestantes\/75C003000.jpg\"><\/td>\r\n\t\t<\/tr>\r\n\t\t<tr>\r\n\t\t\t<td>\r\n\t\t\t\t75B004000 - Treuil<\/td>\r\n\t\t\t<td>\r\n\t\t\t\t<a href=\"\/files\/fichas_pdf\/cabrestantes\/75B004000.pdf\"><i class=\"fa fa-file-pdf-o fa-2x\"><\/i><\/a><\/td>\r\n\t\t\t<td>\r\n\t\t\t\t<img style=\"width: 45px; height: 30px;\" alt=\"\" src=\"\/wp-content\/uploads\/directos\/productos\/cabrestantes\/75B004000.jpg\"><\/td>\r\n\t\t<\/tr>\r\n\t\t<tr>\r\n\t\t\t<td>\r\n\t\t\t\t750000000 - Coupe circuit pour treuil<\/td>\r\n\t\t\t<td>\r\n\t\t\t\t<a href=\"\/files\/fichas_pdf\/cabrestantes\/750000000.pdf\"><i class=\"fa fa-file-pdf-o fa-2x\"><\/i><\/a><\/td>\r\n\t\t\t<td>\r\n\t\t\t\t<img style=\"width: 45px; height: 30px;\" alt=\"\" src=\"\/wp-content\/uploads\/directos\/noimage.jpg\"><\/td>\r\n\t\t<\/tr>\r\n\t<\/tbody>\r\n<\/table>","_fr_post_name":"treuils","_fr_post_excerpt":"","_fr_post_title":"Treuils","_de_post_content":"<table style=\"width: 100%;\" border=\"0\" cellSpacing=\"0\" cellPadding=\"5\">\r\n\t<tbody>\r\n\t\t<tr>\r\n\t\t\t<th style=\"background-color: rgb(56, 103, 44);\" colSpan=\"4\">\r\n\t\t\t\t\r\n\t\t\t\t\t<p style=\"color: rgb(255, 255, 255); font-weight: bold;\"> SEILWINDEN<\/p>\r\n\t\t\t<\/th>\r\n\t\t<\/tr>\r\n\t\t<tr>\r\n\t\t\t<td>\r\n\t\t\t\t75B001000 - Winde<\/td>\r\n\t\t\t<td>\r\n\t\t\t\t<a href=\"\/files\/fichas_pdf\/cabrestantes\/75B001000.pdf\"><i class=\"fa fa-file-pdf-o fa-2x\"><\/i><\/a><\/td>\r\n\t\t\t<td>\r\n\t\t\t\t<img style=\"width: 45px; height: 30px;\" alt=\"\" src=\"\/wp-content\/uploads\/directos\/noimage.jpg\"><\/td>\r\n\t\t<\/tr>\r\n\t\t<tr>\r\n\t\t\t<td>\r\n\t\t\t\t75D001000 - Winde mit Abkoppler<\/td>\r\n\t\t\t<td>\r\n\t\t\t\t<a href=\"\/files\/fichas_pdf\/cabrestantes\/75D001000.pdf\"><i class=\"fa fa-file-pdf-o fa-2x\"><\/i><\/a><\/td>\r\n\t\t\t<td>\r\n\t\t\t\t<img style=\"width: 45px; height: 30px;\" alt=\"\" src=\"\/wp-content\/uploads\/directos\/productos\/cabrestantes\/75D001000.jpg\"><\/td>\r\n\t\t<\/tr>\r\n\t\t<tr>\r\n\t\t\t<td>\r\n\t\t\t\t75C003000 - Winde mit Abkoppler<\/td>\r\n\t\t\t<td>\r\n\t\t\t\t<a href=\"\/files\/fichas_pdf\/cabrestantes\/75C003000.pdf\"><i class=\"fa fa-file-pdf-o fa-2x\"><\/i><\/a><\/td>\r\n\t\t\t<td>\r\n\t\t\t\t<img style=\"width: 45px; height: 30px;\" alt=\"\" src=\"\/wp-content\/uploads\/directos\/productos\/cabrestantes\/75C003000.jpg\"><\/td>\r\n\t\t<\/tr>\r\n\t\t<tr>\r\n\t\t\t<td>\r\n\t\t\t\t75B004000 - Winde<\/td>\r\n\t\t\t<td>\r\n\t\t\t\t<a href=\"\/files\/fichas_pdf\/cabrestantes\/75B004000.pdf\"><i class=\"fa fa-file-pdf-o fa-2x\"><\/i><\/a><\/td>\r\n\t\t\t<td>\r\n\t\t\t\t<img style=\"width: 45px; height: 30px;\" alt=\"\" src=\"\/wp-content\/uploads\/directos\/productos\/cabrestantes\/75B004000.jpg\"><\/td>\r\n\t\t<\/tr>\r\n\t\t<tr>\r\n\t\t\t<td>\r\n\t\t\t\t750000000 - Windenabkoppler<\/td>\r\n\t\t\t<td>\r\n\t\t\t\t<a href=\"\/files\/fichas_pdf\/cabrestantes\/750000000.pdf\"><i class=\"fa fa-file-pdf-o fa-2x\"><\/i><\/a><\/td>\r\n\t\t\t<td>\r\n\t\t\t\t<img style=\"width: 45px; height: 30px;\" alt=\"\" src=\"\/wp-content\/uploads\/directos\/noimage.jpg\"><\/td>\r\n\t\t<\/tr>\r\n\t<\/tbody>\r\n<\/table>","_de_post_name":"seilwinden","_de_post_excerpt":"","_de_post_title":"Seilwinden","edit_language":"fr","footnotes":""},"class_list":["post-5","page","type-page","status-publish","hentry"],"_links":{"self":[{"href":"https:\/\/jpim.es\/fr\/wp-json\/wp\/v2\/pages\/5","targetHints":{"allow":["GET"]}}],"collection":[{"href":"https:\/\/jpim.es\/fr\/wp-json\/wp\/v2\/pages"}],"about":[{"href":"https:\/\/jpim.es\/fr\/wp-json\/wp\/v2\/types\/page"}],"author":[{"embeddable":true,"href":"https:\/\/jpim.es\/fr\/wp-json\/wp\/v2\/users\/1"}],"replies":[{"embeddable":true,"href":"https:\/\/jpim.es\/fr\/wp-json\/wp\/v2\/comments?post=5"}],"version-history":[{"count":6,"href":"https:\/\/jpim.es\/fr\/wp-json\/wp\/v2\/pages\/5\/revisions"}],"predecessor-version":[{"id":238,"href":"https:\/\/jpim.es\/fr\/wp-json\/wp\/v2\/pages\/5\/revisions\/238"}],"wp:attachment":[{"href":"https:\/\/jpim.es\/fr\/wp-json\/wp\/v2\/media?parent=5"}],"curies":[{"name":"wp","href":"https:\/\/api.w.org\/{rel}","templated":true}]}}