  
{"id":20,"date":"2016-02-22T17:45:04","date_gmt":"2016-02-22T17:45:04","guid":{"rendered":"https:\/\/jpim.es\/?page_id=20"},"modified":"2025-09-18T09:11:42","modified_gmt":"2025-09-18T09:11:42","slug":"historie","status":"publish","type":"page","link":"https:\/\/jpim.es\/fr\/historie\/","title":{"rendered":"Historie","raw":"Historie"},"content":{"rendered":"<p style=\"text-align: justify;\">\n\tJP INDUSTRIAS MEC\u00c1NICAS, S.L. est une entreprise asturienne situ\u00e9e \u00e0 Cangas del Narcea et qui a \u00e9t\u00e9 fond\u00e9e en 1951 par Jos\u00e9 Jaime P\u00e9rez Fern\u00e1ndez, n\u00e9 \u00e0 Tapia de Casariego.<\/p>\n<p style=\"text-align: center;\">\n\t<img decoding=\"async\" style=\"width: 525px; height: 331px; margin-right: 10px;\" alt=\"JPIM Historia\" src=\"\/wp-content\/uploads\/directos\/historia\/h00.jpg\"><\/p>\n<p style=\"text-align: justify;\">\n\tL&rsquo;entreprise qui a commenc\u00e9 en tant qu&rsquo;atelier de r\u00e9paration de camions et de machines pour l&rsquo;industrie mini\u00e8re, s&rsquo;est d\u00e9di\u00e9e, \u00e0 partir des ann\u00e9es 70, \u00e0 la conception et la fabrication de composants m\u00e9caniques pour l&rsquo;industrie automobile.<\/p>\n<p style=\"text-align: justify;\">\n\tApr\u00e8s le d\u00e9c\u00e8s de son fondateur, en 2009, l&rsquo;entreprise s&rsquo;est constitu\u00e9e en soci\u00e9t\u00e9 \u00e0 responsabilit\u00e9 limit\u00e9e. Elle compte actuellement sur des installations modernes avec les technologies les plus avanc\u00e9es. La pr\u00e9paration reconnue de son personnel et sa vocation du service au client sont ses valeurs fondamentales.<\/p>\n","protected":false,"raw":"<p style=\"text-align: justify;\">\r\n\tJP INDUSTRIAS MEC\u00c1NICAS, S.L. est une entreprise asturienne situ\u00e9e \u00e0 Cangas del Narcea et qui a \u00e9t\u00e9 fond\u00e9e en 1951 par Jos\u00e9 Jaime P\u00e9rez Fern\u00e1ndez, n\u00e9 \u00e0 Tapia de Casariego.<\/p>\r\n<p style=\"text-align: center;\">\r\n\t<img style=\"width: 525px; height: 331px; margin-right: 10px;\" alt=\"JPIM Historia\" src=\"\/wp-content\/uploads\/directos\/historia\/h00.jpg\"><\/p>\r\n<p style=\"text-align: justify;\">\r\n\tL'entreprise qui a commenc\u00e9 en tant qu'atelier de r\u00e9paration de camions et de machines pour l'industrie mini\u00e8re, s'est d\u00e9di\u00e9e, \u00e0 partir des ann\u00e9es 70, \u00e0 la conception et la fabrication de composants m\u00e9caniques pour l'industrie automobile.<\/p>\r\n<p style=\"text-align: justify;\">\r\n\tApr\u00e8s le d\u00e9c\u00e8s de son fondateur, en 2009, l'entreprise s'est constitu\u00e9e en soci\u00e9t\u00e9 \u00e0 responsabilit\u00e9 limit\u00e9e. Elle compte actuellement sur des installations modernes avec les technologies les plus avanc\u00e9es. La pr\u00e9paration reconnue de son personnel et sa vocation du service au client sont ses valeurs fondamentales.<\/p>"},"excerpt":{"rendered":"","protected":false,"raw":""},"author":1,"featured_media":0,"parent":0,"menu_order":0,"comment_status":"closed","ping_status":"closed","template":"","meta":{"_es_post_content":"<p style=\"text-align: justify;\">JP INDUSTRIAS MEC\u00c1NICAS, S.L. es una empresa asturiana situada en Cangas del Narcea, fue fundada en el a\u00f1o 1951 por Jos\u00e9 Jaime P\u00e9rez Fern\u00e1ndez, natural de Tapia de Casariego.<\/p>\n<p style=\"text-align: center;\"><img style=\"margin-right: 10px; width: 525px; height: 331px;\" src=\"https:\/\/jpim.es\/wp-content\/uploads\/directos\/historia\/h00.jpg\" alt=\"JPIM Historia\" \/><\/p>\n<p style=\"text-align: justify;\">La empresa, que comenz\u00f3 como taller de reparaci\u00f3n de camiones y maquinaria para la miner\u00eda, se dedic\u00f3 a partir de la d\u00e9cada de los 70 al dise\u00f1o y fabricaci\u00f3n de componentes mec\u00e1nicos, para la industria del autom\u00f3vil.<\/p>\n<p style=\"text-align: justify;\">Tras el fallecimiento de su fundador, en el a\u00f1o 2009, la empresa se constituye en sociedad limitada, actualmente cuenta con unas modernas instalaciones con las m\u00e1s avanzadas tecnolog\u00edas, siendo su principal valor la reconocida preparaci\u00f3n de su personal y su vocaci\u00f3n de servicio al cliente.<\/p>","_es_post_name":"historia","_es_post_excerpt":"","_es_post_title":"Historia","_en_post_content":"<p style=\"text-align: justify;\">\r\n\tJP INDUSTRIAS MEC\u00c1NICAS, S.L. is an Asturian company situated at Cangas del Narcea and it was founded in 1951 by Jos\u00e9 Jaime P\u00e9rez Fern\u00e1ndez, born in Tapia de Casariego.<\/p>\r\n<p style=\"text-align: center;\">\r\n\t<img style=\"width: 525px; height: 331px; margin-right: 10px;\" alt=\"JPIM Historia\" src=\"\/wp-content\/uploads\/directos\/historia\/h00.jpg\"><\/p>\r\n<p style=\"text-align: justify;\">\r\n\tThe company, which started out as a mining machinery and truck repair workshop, was dedicated as from the 1970\u2019s to the design and manufacture of mechanical components for the automotive industry.<\/p>\r\n<p style=\"text-align: justify;\">\r\n\tAfter its founder passed away in 2009, the firm became a limited company and it is currently endowed with modern premises with the state-of-the-art technologies, with its main value being the recognised preparation of its staff and its customer service vocation.<\/p>","_en_post_name":"history","_en_post_excerpt":"","_en_post_title":"History","_fr_post_content":"<p style=\"text-align: justify;\">\r\n\tJP INDUSTRIAS MEC\u00c1NICAS, S.L. est une entreprise asturienne situ\u00e9e \u00e0 Cangas del Narcea et qui a \u00e9t\u00e9 fond\u00e9e en 1951 par Jos\u00e9 Jaime P\u00e9rez Fern\u00e1ndez, n\u00e9 \u00e0 Tapia de Casariego.<\/p>\r\n<p style=\"text-align: center;\">\r\n\t<img style=\"width: 525px; height: 331px; margin-right: 10px;\" alt=\"JPIM Historia\" src=\"\/wp-content\/uploads\/directos\/historia\/h00.jpg\"><\/p>\r\n<p style=\"text-align: justify;\">\r\n\tL'entreprise qui a commenc\u00e9 en tant qu'atelier de r\u00e9paration de camions et de machines pour l'industrie mini\u00e8re, s'est d\u00e9di\u00e9e, \u00e0 partir des ann\u00e9es 70, \u00e0 la conception et la fabrication de composants m\u00e9caniques pour l'industrie automobile.<\/p>\r\n<p style=\"text-align: justify;\">\r\n\tApr\u00e8s le d\u00e9c\u00e8s de son fondateur, en 2009, l'entreprise s'est constitu\u00e9e en soci\u00e9t\u00e9 \u00e0 responsabilit\u00e9 limit\u00e9e. Elle compte actuellement sur des installations modernes avec les technologies les plus avanc\u00e9es. La pr\u00e9paration reconnue de son personnel et sa vocation du service au client sont ses valeurs fondamentales.<\/p>","_fr_post_name":"historie","_fr_post_excerpt":"","_fr_post_title":"Historie","_de_post_content":"<p style=\"text-align: justify;\">\r\n\tJP INDUSTRIAS MEC\u00c1NICAS, S.L. ist eine in CANGAS DEL NARCEA ans\u00e4ssiger, asturianischer\r\nBetrieb, welcher im Jahr 1951 von Jos\u00e9 Jaime P\u00e9rez Fern\u00e1ndez, aus Tapia de Casariego stammend, gegr\u00fcndet wurde.\r\n<\/p>\r\n<p style=\"text-align: center;\">\r\n\t<img style=\"width: 525px; height: 331px; margin-right: 10px;\" alt=\"JPIM Historia\" src=\"\/wp-content\/uploads\/directos\/historia\/h00.jpg\"><\/p>\r\n<p style=\"text-align: justify;\">\r\n\tMan begann als Reparaturwerkstatt f\u00fcr LKW und Bergbaumaschinen . Ab den 70er Jahren wurden dann ausschliesslich  mechanische Komponenten fuer die KFZ-Industrie entworfen und hergestellt. Nach dem Verscheiden des Gr\u00fcnders im Jahre 2009 wurde die Firma in eine GmbH umbenannt.\r\n<\/p>\r\n<p style=\"text-align: justify;\">\r\n\tHeute verf\u00fcgt JP INDUSTRIAS MECANICAS,S.L. \u00fcber moderne Einrichtungen mit den fortschrittlichsten Technologien, hochspezialisiertes Personal und eine anerkannte Kundenbetreuung.\r\n<\/p>","_de_post_name":"das-unternehmen","_de_post_excerpt":"","_de_post_title":"Das Unternehmen","edit_language":"fr","footnotes":""},"class_list":["post-20","page","type-page","status-publish","hentry"],"_links":{"self":[{"href":"https:\/\/jpim.es\/fr\/wp-json\/wp\/v2\/pages\/20","targetHints":{"allow":["GET"]}}],"collection":[{"href":"https:\/\/jpim.es\/fr\/wp-json\/wp\/v2\/pages"}],"about":[{"href":"https:\/\/jpim.es\/fr\/wp-json\/wp\/v2\/types\/page"}],"author":[{"embeddable":true,"href":"https:\/\/jpim.es\/fr\/wp-json\/wp\/v2\/users\/1"}],"replies":[{"embeddable":true,"href":"https:\/\/jpim.es\/fr\/wp-json\/wp\/v2\/comments?post=20"}],"version-history":[{"count":2,"href":"https:\/\/jpim.es\/fr\/wp-json\/wp\/v2\/pages\/20\/revisions"}],"predecessor-version":[{"id":468,"href":"https:\/\/jpim.es\/fr\/wp-json\/wp\/v2\/pages\/20\/revisions\/468"}],"wp:attachment":[{"href":"https:\/\/jpim.es\/fr\/wp-json\/wp\/v2\/media?parent=20"}],"curies":[{"name":"wp","href":"https:\/\/api.w.org\/{rel}","templated":true}]}}