  
{"id":18,"date":"2016-02-22T17:44:25","date_gmt":"2016-02-22T17:44:25","guid":{"rendered":"https:\/\/jpim.es\/?page_id=18"},"modified":"2016-04-18T12:01:25","modified_gmt":"2016-04-18T12:01:25","slug":"services","status":"publish","type":"page","link":"https:\/\/jpim.es\/fr\/services\/","title":{"rendered":"Services","raw":"Services"},"content":{"rendered":"<h4>\n\tD&eacute;veloppement de projets<\/h4>\n<p>\n\t<img decoding=\"async\" alt=\"Servicios JPIM\" src=\"\/wp-content\/uploads\/directos\/servicios_02.jpg\" style=\"width: 200px; margin-right: 20px; float: left;\" \/><\/p>\n<p>\n\tNous disposons d&#39;un bureau technique propre pouvant offrir &agrave; nos clients le d&eacute;veloppement complet des projets:<\/p>\n<ul>\n<li>\n\t\tChoix des mat&eacute;riaux<\/li>\n<li>\n\t\tConception de pi&egrave;ces, outillages et mod&egrave;les<\/li>\n<li>\n\t\tCalcul et conception d&#39;engrenages<\/li>\n<li>\n\t\tTraitements thermiques<\/li>\n<\/ul>\n<table border=\"0\" cellpadding=\"1\" cellspacing=\"5\" style=\"width: 300px;\">\n<tbody>\n<tr>\n<td>\n\t\t\t\t<br \/>\n\t\t\t\t&nbsp;<\/td>\n<\/tr>\n<\/tbody>\n<\/table>\n<div class=\"clearfix\"><\/div>\n<p>\n\t<img decoding=\"async\" alt=\"Servicios JPIM\" src=\"\/wp-content\/uploads\/directos\/servicios_04.jpg\" style=\"width: 200px; margin-right: 20px; float: left;\" \/><\/p>\n<p>\n\tNous concevons et fabriquons notre propre outillage:<\/p>\n<p>\n\tLe d&eacute;veloppement conjoint des pi&egrave;ces et de l&#39;outillage nous permet d&#39;optimiser le processus d&#39;usinage des pi&egrave;ces dans nos machines, ainsi que de garantir lors de la phase de conception la faisabilit&eacute; de la fabrication des nouveaux composants.<\/p>\n<div class=\"clearfix\"><\/div>\n<h4>Fabrication selon des sp&eacute;cifications propres ou celles du client<\/h4>\n<p>\n\t<img decoding=\"async\" alt=\"Servicios JPIM\" src=\"\/wp-content\/uploads\/directos\/servicios_01.jpg\" style=\"width: 200px; margin-right: 20px; float: left;\" \/><\/p>\n<p>\n\tAvec exp&eacute;rience en usinage de pi&egrave;ces pour:<\/p>\n<table border=\"0\" cellpadding=\"1\" cellspacing=\"5\" style=\"width: 300px;\">\n<tbody>\n<tr>\n<td>\n<ul>\n<li>\n\t\t\t\t\t\tSecteur automobile<\/li>\n<li>\n\t\t\t\t\t\tChemin de fer<\/li>\n<li>\n\t\t\t\t\t\tVannes<\/li>\n<\/ul>\n<\/td>\n<td>\n<ul>\n<li>\n\t\t\t\t\t\tPompes<\/li>\n<li>\n\t\t\t\t\t\tSecteur naval<\/li>\n<li>\n\t\t\t\t\t\tSecteur militaire<\/li>\n<\/ul>\n<\/td>\n<\/tr>\n<\/tbody>\n<\/table>\n<div class=\"clearfix\"><\/div>\n<p>\n\t<img decoding=\"async\" alt=\"Servicios JPIM\" src=\"\/wp-content\/uploads\/directos\/servicios_03.jpg\" style=\"width: 200px; margin-right: 20px; float: left;\" \/><br \/>\n\t&nbsp;<\/p>\n<p>\n\tNous disposons de moyens pour fournir une pi&egrave;ce finie dans tous les types de mat&eacute;riaux:<\/p>\n<ul>\n<li>\n\t\tAciers (alli&eacute;s, non alli&eacute;s, trait&eacute;s, etc.)<\/li>\n<li>\n\t\tDe forge<\/li>\n<li>\n\t\tFonte nodulaire<\/li>\n<li>\n\t\tAcier moul&eacute;<\/li>\n<li>\n\t\tAluminium fondu<\/li>\n<\/ul>\n<p>\n\tNous sommes sp&eacute;cialis&eacute;s dans la petite et moyenne s&eacute;rie et nous usinons des mat&eacute;riaux propres ou fournis par le client.<\/p>\n<div class=\"clearfix\"><\/div>\n<p>\n\t<img decoding=\"async\" alt=\"Servicios JPIM\" src=\"\/wp-content\/uploads\/directos\/stories\/thumbnails\/images-servicios_05-200x266.jpg\" style=\"width: 200px; margin-right: 20px; float: left;\" \/><br \/>\n\t&nbsp;<\/p>\n<p>\n\tCapacit&eacute; de conception et de fabrication de pignons, ainsi que d&#39;outils et d&#39;outillages pour les types suivants, dans les qualit&eacute;s allant de 5 &agrave; 9:<\/p>\n<ul>\n<li>\n\t\tCylindriques<\/li>\n<li>\n\t\tConiques<\/li>\n<li>\n\t\tInt&eacute;rieurs<\/li>\n<li>\n\t\tCylindrique rectifi&eacute;<\/li>\n<li>\n\t\tArbres cannel&eacute;s rectifi&eacute;s<\/li>\n<li>\n\t\tArbres cannel&eacute;s frais&eacute;s<\/li>\n<li>\n\t\tBrochage<\/li>\n<\/ul>\n","protected":false,"raw":"<h4>\r\n\tD&eacute;veloppement de projets<\/h4>\r\n<p>\r\n\t<img alt=\"Servicios JPIM\" src=\"\/wp-content\/uploads\/directos\/servicios_02.jpg\" style=\"width: 200px; margin-right: 20px; float: left;\" \/><\/p>\r\n<p>\r\n\tNous disposons d&#39;un bureau technique propre pouvant offrir &agrave; nos clients le d&eacute;veloppement complet des projets:<\/p>\r\n<ul>\r\n\t<li>\r\n\t\tChoix des mat&eacute;riaux<\/li>\r\n\t<li>\r\n\t\tConception de pi&egrave;ces, outillages et mod&egrave;les<\/li>\r\n\t<li>\r\n\t\tCalcul et conception d&#39;engrenages<\/li>\r\n\t<li>\r\n\t\tTraitements thermiques<\/li>\r\n<\/ul>\r\n<table border=\"0\" cellpadding=\"1\" cellspacing=\"5\" style=\"width: 300px;\">\r\n\t<tbody>\r\n\t\t<tr>\r\n\t\t\t<td>\r\n\t\t\t\t<br \/>\r\n\t\t\t\t&nbsp;<\/td>\r\n\t\t<\/tr>\r\n\t<\/tbody>\r\n<\/table>\r\n\r\n<div class=\"clearfix\"><\/div>\r\n\r\n\r\n<p>\r\n\t<img alt=\"Servicios JPIM\" src=\"\/wp-content\/uploads\/directos\/servicios_04.jpg\" style=\"width: 200px; margin-right: 20px; float: left;\" \/><\/p>\r\n<p>\r\n\tNous concevons et fabriquons notre propre outillage:<\/p>\r\n<p>\r\n\tLe d&eacute;veloppement conjoint des pi&egrave;ces et de l&#39;outillage nous permet d&#39;optimiser le processus d&#39;usinage des pi&egrave;ces dans nos machines, ainsi que de garantir lors de la phase de conception la faisabilit&eacute; de la fabrication des nouveaux composants.<\/p>\r\n\r\n<div class=\"clearfix\"><\/div>\r\n\r\n<h4>Fabrication selon des sp&eacute;cifications propres ou celles du client<\/h4>\r\n<p>\r\n\t<img alt=\"Servicios JPIM\" src=\"\/wp-content\/uploads\/directos\/servicios_01.jpg\" style=\"width: 200px; margin-right: 20px; float: left;\" \/><\/p>\r\n<p>\r\n\tAvec exp&eacute;rience en usinage de pi&egrave;ces pour:<\/p>\r\n<table border=\"0\" cellpadding=\"1\" cellspacing=\"5\" style=\"width: 300px;\">\r\n\t<tbody>\r\n\t\t<tr>\r\n\t\t\t<td>\r\n\t\t\t\t<ul>\r\n\t\t\t\t\t<li>\r\n\t\t\t\t\t\tSecteur automobile<\/li>\r\n\t\t\t\t\t<li>\r\n\t\t\t\t\t\tChemin de fer<\/li>\r\n\t\t\t\t\t<li>\r\n\t\t\t\t\t\tVannes<\/li>\r\n\t\t\t\t<\/ul>\r\n\t\t\t<\/td>\r\n\t\t\t<td>\r\n\t\t\t\t<ul>\r\n\t\t\t\t\t<li>\r\n\t\t\t\t\t\tPompes<\/li>\r\n\t\t\t\t\t<li>\r\n\t\t\t\t\t\tSecteur naval<\/li>\r\n\t\t\t\t\t<li>\r\n\t\t\t\t\t\tSecteur militaire<\/li>\r\n\t\t\t\t<\/ul>\r\n\t\t\t<\/td>\r\n\t\t<\/tr>\r\n\t<\/tbody>\r\n<\/table>\r\n\r\n<div class=\"clearfix\"><\/div>\r\n\r\n<p>\r\n\t<img alt=\"Servicios JPIM\" src=\"\/wp-content\/uploads\/directos\/servicios_03.jpg\" style=\"width: 200px; margin-right: 20px; float: left;\" \/><br \/>\r\n\t&nbsp;<\/p>\r\n<p>\r\n\tNous disposons de moyens pour fournir une pi&egrave;ce finie dans tous les types de mat&eacute;riaux:<\/p>\r\n<ul>\r\n\t<li>\r\n\t\tAciers (alli&eacute;s, non alli&eacute;s, trait&eacute;s, etc.)<\/li>\r\n\t<li>\r\n\t\tDe forge<\/li>\r\n\t<li>\r\n\t\tFonte nodulaire<\/li>\r\n\t<li>\r\n\t\tAcier moul&eacute;<\/li>\r\n\t<li>\r\n\t\tAluminium fondu<\/li>\r\n<\/ul>\r\n<p>\r\n\tNous sommes sp&eacute;cialis&eacute;s dans la petite et moyenne s&eacute;rie et nous usinons des mat&eacute;riaux propres ou fournis par le client.<\/p>\r\n\r\n<div class=\"clearfix\"><\/div>\r\n\r\n\r\n<p>\r\n\t<img alt=\"Servicios JPIM\" src=\"\/wp-content\/uploads\/directos\/stories\/thumbnails\/images-servicios_05-200x266.jpg\" style=\"width: 200px; margin-right: 20px; float: left;\" \/><br \/>\r\n\t&nbsp;<\/p>\r\n<p>\r\n\tCapacit&eacute; de conception et de fabrication de pignons, ainsi que d&#39;outils et d&#39;outillages pour les types suivants, dans les qualit&eacute;s allant de 5 &agrave; 9:<\/p>\r\n<ul>\r\n\t<li>\r\n\t\tCylindriques<\/li>\r\n\t<li>\r\n\t\tConiques<\/li>\r\n\t<li>\r\n\t\tInt&eacute;rieurs<\/li>\r\n\t<li>\r\n\t\tCylindrique rectifi&eacute;<\/li>\r\n\t<li>\r\n\t\tArbres cannel&eacute;s rectifi&eacute;s<\/li>\r\n\t<li>\r\n\t\tArbres cannel&eacute;s frais&eacute;s<\/li>\r\n\t<li>\r\n\t\tBrochage<\/li>\r\n<\/ul>\r\n"},"excerpt":{"rendered":"","protected":false,"raw":""},"author":1,"featured_media":0,"parent":0,"menu_order":0,"comment_status":"closed","ping_status":"closed","template":"","meta":{"_es_post_content":"&nbsp;\r\n<h4>Desarrollo de Proyectos<\/h4>\r\n<img style=\"margin-right: 20px; float: left; width: 200px;\" src=\"https:\/\/jpim.es\/wp-content\/uploads\/directos\/servicios_02.jpg\" alt=\"Servicios JPIM\" \/>\r\n\r\nDisponemos de oficina t\u00e9cnica propia pudiendo ofrecer a nuestros clientes desarrollos completos de proyectos:\r\n<ul>\r\n\t<li>Elecci\u00f3n de materiales<\/li>\r\n\t<li>Dise\u00f1o de piezas, utillajes y modelos<\/li>\r\n\t<li>C\u00e1lculo y dise\u00f1o de engranajes<\/li>\r\n\t<li>Tratamientos t\u00e9rmicos<\/li>\r\n<\/ul>\r\n<table style=\"width: 300px;\" border=\"0\" cellspacing=\"5\" cellpadding=\"1\">\r\n<tbody>\r\n<tr>\r\n<td><\/td>\r\n<\/tr>\r\n<\/tbody>\r\n<\/table>\r\n\r\n<div class=\"clearfix\"><\/div>\r\n\r\n<img style=\"margin-right: 20px; float: left; width: 200px;\" src=\"https:\/\/jpim.es\/wp-content\/uploads\/directos\/servicios_04.jpg\" alt=\"Servicios JPIM\" \/>\r\n\r\nDise\u00f1amos y fabricamos nuestro propio utillaje:\r\n\r\nEl desarrollo conjunto de piezas y utillaje nos permite optimizar el proceso de mecanizado de piezas en nuestras m\u00e1quinas, as\u00ed como garantizar en la fase de dise\u00f1o la viabilidad de la fabricaci\u00f3n de los nuevos componentes.\r\n\r\n<div class=\"clearfix\"><\/div>\r\n\r\n&nbsp;\r\n<h4>Fabricaci\u00f3n Seg\u00fan Especificaciones Propias o del Cliente<\/h4>\r\n\r\n<img style=\"margin-right: 20px; float: left; width: 200px;\" src=\"https:\/\/jpim.es\/wp-content\/uploads\/directos\/servicios_01.jpg\" alt=\"Servicios JPIM\" \/>\r\n\r\nCon experiencia en mecanizado de piezas para:\r\n<table style=\"width: 300px;\" border=\"0\" cellspacing=\"5\" cellpadding=\"1\">\r\n<tbody>\r\n<tr>\r\n<td>\r\n<ul>\r\n\t<li>Automoci\u00f3n<\/li>\r\n\t<li>Ferrocarril<\/li>\r\n\t<li>Valvuleria<\/li>\r\n<\/ul>\r\n<\/td>\r\n<td>\r\n<ul>\r\n\t<li>Bombas<\/li>\r\n\t<li>Naval<\/li>\r\n\t<li>Militar<\/li>\r\n<\/ul>\r\n<\/td>\r\n<\/tr>\r\n<\/tbody>\r\n<\/table>\r\n\r\n&nbsp;\r\n<div class=\"clearfix\"><\/div>\r\n&nbsp;\r\n\r\n<img style=\"margin-right: 20px; float: left; width: 200px;\" src=\"https:\/\/jpim.es\/wp-content\/uploads\/directos\/servicios_03.jpg\" alt=\"Servicios JPIM\" \/>\r\n\r\nDisponemos de medios para suministrar pieza terminada en todo tipo de materiales:\r\n<ul>\r\n\t<li>Aceros (aleados, no aleados, tratados, etc)<\/li>\r\n\t<li>Forja<\/li>\r\n\t<li>Fundici\u00f3n nodular<\/li>\r\n\t<li>Acero moldeado<\/li>\r\n\t<li>Aluminio fundido<\/li>\r\n<\/ul>\r\n\r\n&nbsp;\r\n<div class=\"clearfix\"><\/div>\r\n&nbsp;\r\n<img style=\"margin-right: 20px; float: left; width: 200px; margin-bottom: 100px;\" src=\"https:\/\/jpim.es\/wp-content\/uploads\/directos\/servicios_05.jpg\" alt=\"Servicios JPIM\" \/>\r\n\r\nCapacidad de dise\u00f1o y fabricaci\u00f3n de engranajes, as\u00ed como de herramientas y utillajes para los siguientes tipos en calidades de 5 a 9:\r\n<ul>\r\n\t<li>Cil\u00edndricos<\/li>\r\n\t<li>C\u00f3nicos<\/li>\r\n\t<li>Interiores<\/li>\r\n\t<li>Cil\u00edndrico rectificado<\/li>\r\n\t<li>Ejes estriados rectificados<\/li>\r\n\t<li>Ejes estriados fresados<\/li>\r\n\t<li>Brochado<\/li>\r\n<\/ul>\r\nEstamos especializados en serie corta-media, y mecanizamos materiales propios o suministrados por el cliente.","_es_post_name":"servicios","_es_post_excerpt":"","_es_post_title":"Servicios","_en_post_content":"<h4>\r\n\tProject Development<\/h4>\r\n<p>\r\n\t<img alt=\"Servicios JPIM\" src=\"\/wp-content\/uploads\/directos\/servicios_02.jpg\" style=\"width: 200px; margin-right: 20px; float: left;\" \/><\/p>\r\n<p>\r\n\tWe have our own technical workshop and can offer our clients complete project development:<\/p>\r\n<ul>\r\n\t<li>\r\n\t\tChoice of materials<\/li>\r\n\t<li>\r\n\t\tDesign of parts, tooling and models<\/li>\r\n\t<li>\r\n\t\tGear calculation and design<\/li>\r\n\t<li>\r\n\t\tThermal treatments<\/li>\r\n<\/ul>\r\n<table border=\"0\" cellpadding=\"1\" cellspacing=\"5\" style=\"width: 300px;\">\r\n\t<tbody>\r\n\t\t<tr>\r\n\t\t\t<td>\r\n\t\t\t\t<p>\r\n\t\t\t\t\t&nbsp;<\/p>\r\n\t\t\t\t<p>\r\n\t\t\t\t\t<br \/>\r\n\t\t\t\t\t&nbsp;<\/p>\r\n\t\t\t<\/td>\r\n\t\t<\/tr>\r\n\t<\/tbody>\r\n<\/table>\r\n\r\n<div class=\"clearfix\"><\/div>\r\n\r\n<p>\r\n\t<img alt=\"Servicios JPIM\" src=\"\/wp-content\/uploads\/directos\/servicios_04.jpg\" style=\"width: 200px; margin-right: 20px; float: left;\" \/><\/p>\r\n<p>\r\n\tWe design and manufacture our own tooling:<\/p>\r\n<p>\r\n\tThe joint development of parts and tooling enables us to optimise the parts machining process in our machines as well as ensuring the feasibility of the manufacture of the new components at the design stage.<\/p>\r\n\r\n<div class=\"clearfix\"><\/div>\r\n\r\n<h4>Manufacture in accordance with Own or Client&rsquo;s Specifications<\/h4>\r\n<p>\r\n\t<img alt=\"Servicios JPIM\" src=\"\/wp-content\/uploads\/directos\/servicios_01.jpg\" style=\"width: 200px; margin-right: 20px; float: left;\" \/><\/p>\r\n<p>\r\n\tEndowed with experience in parts machining for:<\/p>\r\n<table border=\"0\" cellpadding=\"1\" cellspacing=\"5\" style=\"width: 300px;\">\r\n\t<tbody>\r\n\t\t<tr>\r\n\t\t\t<td>\r\n\t\t\t\t<ul>\r\n\t\t\t\t\t<li>\r\n\t\t\t\t\t\tAutomotive sector<\/li>\r\n\t\t\t\t\t<li>\r\n\t\t\t\t\t\tRaiway<\/li>\r\n\t\t\t\t\t<li>\r\n\t\t\t\t\t\tValves and fittings<\/li>\r\n\t\t\t\t<\/ul>\r\n\t\t\t<\/td>\r\n\t\t\t<td>\r\n\t\t\t\t<ul>\r\n\t\t\t\t\t<li>\r\n\t\t\t\t\t\tPumps<\/li>\r\n\t\t\t\t\t<li>\r\n\t\t\t\t\t\tNaval<\/li>\r\n\t\t\t\t\t<li>\r\n\t\t\t\t\t\tMilitary<\/li>\r\n\t\t\t\t<\/ul>\r\n\t\t\t<\/td>\r\n\t\t<\/tr>\r\n\t<\/tbody>\r\n<\/table>\r\n\r\n<div class=\"clearfix\"><\/div>\r\n\r\n<p>\r\n\t<img alt=\"Servicios JPIM\" src=\"\/wp-content\/uploads\/directos\/servicios_03.jpg\" style=\"width: 200px; margin-right: 20px; float: left;\" \/><br \/>\r\n\t&nbsp;<\/p>\r\n<p>\r\n\tWe are endowed with the resources to supply finished parts in all kinds of materials:<\/p>\r\n<ul>\r\n\t<li>\r\n\t\tSteels (alloys, non-alloys, treated etc.)<\/li>\r\n\t<li>\r\n\t\tForging<\/li>\r\n\t<li>\r\n\t\tNodular cast iron<\/li>\r\n\t<li>\r\n\t\tSteel castings<\/li>\r\n\t<li>\r\n\t\tSmelt aluminium<\/li>\r\n<\/ul>\r\n<p>\r\n\tWe are specialised in short-medium series and we machine our own materials or those supplied by the client.<\/p>\r\n\r\n<div class=\"clearfix\"><\/div>\r\n\r\n<p>\r\n\t<img alt=\"Servicios JPIM\" src=\"\/wp-content\/uploads\/directos\/stories\/thumbnails\/images-servicios_05-200x266.jpg\" style=\"margin-right: 20px; float: left; width: 200px; margin-bottom: 100px;  height: 266px;\" \/><\/a><\/p>\r\n<p>\r\n\tAbility to design and manufacture gears as well as tools and utensils for the following types with qualities from 5 to 9:<\/p>\r\n<ul>\r\n\t<li>\r\n\t\tCylindrical<\/li>\r\n\t<li>\r\n\t\tConical<\/li>\r\n\t<li>\r\n\t\tInterior<\/li>\r\n\t<li>\r\n\t\tRectified cylindrical<\/li>\r\n\t<li>\r\n\t\tRectified splined shafts<\/li>\r\n\t<li>\r\n\t\tMilled splined shafts<\/li>\r\n\t<li>\r\n\t\tBroached<\/li>\r\n<\/ul>","_en_post_name":"services","_en_post_excerpt":"","_en_post_title":"Services","_fr_post_content":"<h4>\r\n\tD&eacute;veloppement de projets<\/h4>\r\n<p>\r\n\t<img alt=\"Servicios JPIM\" src=\"\/wp-content\/uploads\/directos\/servicios_02.jpg\" style=\"width: 200px; margin-right: 20px; float: left;\" \/><\/p>\r\n<p>\r\n\tNous disposons d&#39;un bureau technique propre pouvant offrir &agrave; nos clients le d&eacute;veloppement complet des projets:<\/p>\r\n<ul>\r\n\t<li>\r\n\t\tChoix des mat&eacute;riaux<\/li>\r\n\t<li>\r\n\t\tConception de pi&egrave;ces, outillages et mod&egrave;les<\/li>\r\n\t<li>\r\n\t\tCalcul et conception d&#39;engrenages<\/li>\r\n\t<li>\r\n\t\tTraitements thermiques<\/li>\r\n<\/ul>\r\n<table border=\"0\" cellpadding=\"1\" cellspacing=\"5\" style=\"width: 300px;\">\r\n\t<tbody>\r\n\t\t<tr>\r\n\t\t\t<td>\r\n\t\t\t\t<br \/>\r\n\t\t\t\t&nbsp;<\/td>\r\n\t\t<\/tr>\r\n\t<\/tbody>\r\n<\/table>\r\n\r\n<div class=\"clearfix\"><\/div>\r\n\r\n\r\n<p>\r\n\t<img alt=\"Servicios JPIM\" src=\"\/wp-content\/uploads\/directos\/servicios_04.jpg\" style=\"width: 200px; margin-right: 20px; float: left;\" \/><\/p>\r\n<p>\r\n\tNous concevons et fabriquons notre propre outillage:<\/p>\r\n<p>\r\n\tLe d&eacute;veloppement conjoint des pi&egrave;ces et de l&#39;outillage nous permet d&#39;optimiser le processus d&#39;usinage des pi&egrave;ces dans nos machines, ainsi que de garantir lors de la phase de conception la faisabilit&eacute; de la fabrication des nouveaux composants.<\/p>\r\n\r\n<div class=\"clearfix\"><\/div>\r\n\r\n<h4>Fabrication selon des sp&eacute;cifications propres ou celles du client<\/h4>\r\n<p>\r\n\t<img alt=\"Servicios JPIM\" src=\"\/wp-content\/uploads\/directos\/servicios_01.jpg\" style=\"width: 200px; margin-right: 20px; float: left;\" \/><\/p>\r\n<p>\r\n\tAvec exp&eacute;rience en usinage de pi&egrave;ces pour:<\/p>\r\n<table border=\"0\" cellpadding=\"1\" cellspacing=\"5\" style=\"width: 300px;\">\r\n\t<tbody>\r\n\t\t<tr>\r\n\t\t\t<td>\r\n\t\t\t\t<ul>\r\n\t\t\t\t\t<li>\r\n\t\t\t\t\t\tSecteur automobile<\/li>\r\n\t\t\t\t\t<li>\r\n\t\t\t\t\t\tChemin de fer<\/li>\r\n\t\t\t\t\t<li>\r\n\t\t\t\t\t\tVannes<\/li>\r\n\t\t\t\t<\/ul>\r\n\t\t\t<\/td>\r\n\t\t\t<td>\r\n\t\t\t\t<ul>\r\n\t\t\t\t\t<li>\r\n\t\t\t\t\t\tPompes<\/li>\r\n\t\t\t\t\t<li>\r\n\t\t\t\t\t\tSecteur naval<\/li>\r\n\t\t\t\t\t<li>\r\n\t\t\t\t\t\tSecteur militaire<\/li>\r\n\t\t\t\t<\/ul>\r\n\t\t\t<\/td>\r\n\t\t<\/tr>\r\n\t<\/tbody>\r\n<\/table>\r\n\r\n<div class=\"clearfix\"><\/div>\r\n\r\n<p>\r\n\t<img alt=\"Servicios JPIM\" src=\"\/wp-content\/uploads\/directos\/servicios_03.jpg\" style=\"width: 200px; margin-right: 20px; float: left;\" \/><br \/>\r\n\t&nbsp;<\/p>\r\n<p>\r\n\tNous disposons de moyens pour fournir une pi&egrave;ce finie dans tous les types de mat&eacute;riaux:<\/p>\r\n<ul>\r\n\t<li>\r\n\t\tAciers (alli&eacute;s, non alli&eacute;s, trait&eacute;s, etc.)<\/li>\r\n\t<li>\r\n\t\tDe forge<\/li>\r\n\t<li>\r\n\t\tFonte nodulaire<\/li>\r\n\t<li>\r\n\t\tAcier moul&eacute;<\/li>\r\n\t<li>\r\n\t\tAluminium fondu<\/li>\r\n<\/ul>\r\n<p>\r\n\tNous sommes sp&eacute;cialis&eacute;s dans la petite et moyenne s&eacute;rie et nous usinons des mat&eacute;riaux propres ou fournis par le client.<\/p>\r\n\r\n<div class=\"clearfix\"><\/div>\r\n\r\n\r\n<p>\r\n\t<img alt=\"Servicios JPIM\" src=\"\/wp-content\/uploads\/directos\/stories\/thumbnails\/images-servicios_05-200x266.jpg\" style=\"width: 200px; margin-right: 20px; float: left;\" \/><br \/>\r\n\t&nbsp;<\/p>\r\n<p>\r\n\tCapacit&eacute; de conception et de fabrication de pignons, ainsi que d&#39;outils et d&#39;outillages pour les types suivants, dans les qualit&eacute;s allant de 5 &agrave; 9:<\/p>\r\n<ul>\r\n\t<li>\r\n\t\tCylindriques<\/li>\r\n\t<li>\r\n\t\tConiques<\/li>\r\n\t<li>\r\n\t\tInt&eacute;rieurs<\/li>\r\n\t<li>\r\n\t\tCylindrique rectifi&eacute;<\/li>\r\n\t<li>\r\n\t\tArbres cannel&eacute;s rectifi&eacute;s<\/li>\r\n\t<li>\r\n\t\tArbres cannel&eacute;s frais&eacute;s<\/li>\r\n\t<li>\r\n\t\tBrochage<\/li>\r\n<\/ul>\r\n","_fr_post_name":"services","_fr_post_excerpt":"","_fr_post_title":"Services","_de_post_content":"<h4>\r\n\tProjektenwicklung<\/h4>\r\n<p>\r\n\t<img alt=\"Servicios JPIM\" src=\"\/wp-content\/uploads\/directos\/servicios_02.jpg\" style=\"width: 200px; margin-right: 20px; float: left;\" \/><\/p>\r\n<p>\r\n\tUnsere Konstruktionsabteilung erlaubt es, der Kundschaft komplette Projektentwicklungen zu unterbreiten:<\/p>\r\n<ul>\r\n\t<li>\r\n\t\tWerkstoffauswahl<\/li>\r\n\t<li>\r\n\t\tEntwurf und Herstellung von Vorrichtungen, Gesenke, Modell,usw.<\/li>\r\n\t<li>\r\n\t\tW&auml;rmebehandlung<\/li>\r\n<\/ul>\r\n\r\n<div class=\"clearfix\"><\/div>\r\n\r\n<p>\r\n\t<img alt=\"Servicios JPIM\" src=\"\/wp-content\/uploads\/directos\/servicios_04.jpg\" style=\"width: 200px; margin-right: 20px; float: left;\" \/><br \/>\r\n\t&nbsp;<\/p>\r\n<p>\r\n\tGleichzeitiger Entwurf und Herstellung der erforderlichen Vorichtungen erlaubt uns, schon in der Entwurfsfase den Fertigungsablauf zu optimieren, sowie Herstellung und Qualit&auml;t der Komponenten zu garantieren.<\/p>\r\n\r\n<div class=\"clearfix\"><\/div>\r\n\r\n<p>\r\n\t<img alt=\"Servicios JPIM\" src=\"\/wp-content\/uploads\/directos\/stories\/thumbnails\/images-servicios_01-200x117.jpg\" style=\"width: 200px; margin-right: 20px; float: left;\" \/><\/p>\r\n<p>\r\n\tHierbei liegt unser Schwerpunkt in der mech. Bearbeitung von Komponenten f&uuml;r:<\/p>\r\n<table border=\"0\" cellpadding=\"1\" cellspacing=\"5\" style=\"width: 300px;\">\r\n\t<tbody>\r\n\t\t<tr>\r\n\t\t\t<td>\r\n\t\t\t\t<ul>\r\n\t\t\t\t\t<li>\r\n\t\t\t\t\t\tMilit&auml;rfahrzeuge<\/li>\r\n\t\t\t\t\t<li>\r\n\t\t\t\t\t\tKFZ - Bau allgemein<\/li>\r\n\t\t\t\t\t<li>\r\n\t\t\t\t\t\tArmaturen<\/li>\r\n\t\t\t\t<\/ul>\r\n\t\t\t<\/td>\r\n\t\t\t<td>\r\n\t\t\t\t<ul>\r\n\t\t\t\t\t<li>\r\n\t\t\t\t\t\tPumpenbau<\/li>\r\n\t\t\t\t\t<li>\r\n\t\t\t\t\t\tSchiffbau<\/li>\r\n\t\t\t\t\t<li>\r\n\t\t\t\t\t\tSchienenbau<\/li>\r\n\t\t\t\t<\/ul>\r\n\t\t\t<\/td>\r\n\t\t<\/tr>\r\n\t<\/tbody>\r\n<\/table>\r\n\r\n<div class=\"clearfix\"><\/div>\r\n\r\n<table>\r\n\t<tbody>\r\n\t\t<tr>\r\n\t\t\t<td>\r\n\t\t\t\t<p>\r\n\t\t\t\t\t<img alt=\"Servicios JPIM\" src=\"\/wp-content\/uploads\/directos\/servicios_03.jpg\" style=\"width: 200px; margin-right: 20px;\" \/>.<\/p>\r\n\t\t\t<\/td>\r\n\t\t\t<td>\r\n\t\t\t\t<p>\r\n\t\t\t\t\tWir verf&uuml;gen &uuml;ber die erforderlichen Produktionseinrichtungen, welche die Bearbeitung diverser Werkstoffe erm&ouml;glicht, wie z.B<\/p>\r\n\t\t\t\t<ul>\r\n\t\t\t\t\t<li>\r\n\t\t\t\t\t\tStahl ( unlegiert, legiert,verg&uuml;tet, etc.)<\/li>\r\n\t\t\t\t\t<li>\r\n\t\t\t\t\t\tStahlguss<\/li>\r\n\t\t\t\t\t<li>\r\n\t\t\t\t\t\tSchmiedeteile<\/li>\r\n\t\t\t\t\t<li>\r\n\t\t\t\t\t\tSph&auml;roguss<\/li>\r\n\t\t\t\t\t<li>\r\n\t\t\t\t\t\tGrauguss<\/li>\r\n\t\t\t\t\t<li>\r\n\t\t\t\t\t\tAluminium<\/li>\r\n\t\t\t\t<\/ul>\r\n\t\t\t<\/td>\r\n\t\t<\/tr>\r\n\t<\/tbody>\r\n<\/table>\r\n\r\n<div class=\"clearfix\"><\/div>\r\n\r\n<p>\r\n\t<img alt=\"Servicios JPIM\" src=\"\/wp-content\/uploads\/directos\/stories\/thumbnails\/images-servicios_05-200x266.jpg\" style=\"width: 200px; margin-right: 20px; float: left;\" \/><br \/>\r\n\t&nbsp;<\/p>\r\n<p>\r\n\tCapacidad de dise&ntilde;o y fabricaci&oacute;n de engranajes, as&iacute; como de herramientas y utillajes para los siguientes tipos en calidades de 5 a 9:<\/p>\r\n<ul>\r\n\t<li>\r\n\t\tZylindrisch<\/li>\r\n\t<li>\r\n\t\tKonisch<\/li>\r\n\t<li>\r\n\t\tInnenverzahnt<\/li>\r\n\t<li>\r\n\t\tZylindrisch &ndash; geschliffen<\/li>\r\n\t<li>\r\n\t\tWellen mit gefr&auml;ster Kerbverzahnung<\/li>\r\n\t<li>\r\n\t\tWellen mit geschliffener Kerbverzahnung<\/li>\r\n\t<li>\r\n\t\tGer&auml;umte Innenverzahnung<\/li>\r\n<\/ul>","_de_post_name":"serviceleistungen","_de_post_excerpt":"","_de_post_title":"Serviceleistungen","edit_language":"fr","footnotes":""},"class_list":["post-18","page","type-page","status-publish","hentry"],"_links":{"self":[{"href":"https:\/\/jpim.es\/fr\/wp-json\/wp\/v2\/pages\/18","targetHints":{"allow":["GET"]}}],"collection":[{"href":"https:\/\/jpim.es\/fr\/wp-json\/wp\/v2\/pages"}],"about":[{"href":"https:\/\/jpim.es\/fr\/wp-json\/wp\/v2\/types\/page"}],"author":[{"embeddable":true,"href":"https:\/\/jpim.es\/fr\/wp-json\/wp\/v2\/users\/1"}],"replies":[{"embeddable":true,"href":"https:\/\/jpim.es\/fr\/wp-json\/wp\/v2\/comments?post=18"}],"version-history":[{"count":22,"href":"https:\/\/jpim.es\/fr\/wp-json\/wp\/v2\/pages\/18\/revisions"}],"predecessor-version":[{"id":325,"href":"https:\/\/jpim.es\/fr\/wp-json\/wp\/v2\/pages\/18\/revisions\/325"}],"wp:attachment":[{"href":"https:\/\/jpim.es\/fr\/wp-json\/wp\/v2\/media?parent=18"}],"curies":[{"name":"wp","href":"https:\/\/api.w.org\/{rel}","templated":true}]}}