  
{"id":166,"date":"2016-03-02T13:52:48","date_gmt":"2016-03-02T13:52:48","guid":{"rendered":"https:\/\/jpim.es\/?page_id=166"},"modified":"2016-04-18T03:29:06","modified_gmt":"2016-04-18T03:29:06","slug":"telechargements","status":"publish","type":"page","link":"https:\/\/jpim.es\/fr\/telechargements\/","title":{"rendered":"T\u00e9l\u00e9chargements","raw":"T\u00e9l\u00e9chargements"},"content":{"rendered":"<p>\n\t<a href=\"\/files\/catalogos\/presentacion_fr.pdf\" target=\"_blank\"><i class=\"fa fa-file-pdf-o fa-2x\"><\/i><\/a>Pr&eacute;sentation de JP Industrias Mec&aacute;nicas<\/p>\n<p><!--\n\n\n<p><a href=\"\/files\/servicios\/catalogo_servicios_franc.pdf\" target=\"_blank\"><img decoding=\"async\" alt=\"Catalogue Services JPIM\" src=\"\/wp-content\/uploads\/directos\/pdf-icon.gif\" style=\"border-width: 0px; border-style: solid; width: 36px; height: 40px; margin-right: 10px; margin-left: 10px; vertical-align: middle; align: left;\" \/><\/a>Catalogue Services<\/p>\n\n\n--><\/p>\n","protected":false,"raw":"<p>\r\n\t<a href=\"\/files\/catalogos\/presentacion_fr.pdf\" target=\"_blank\"><i class=\"fa fa-file-pdf-o fa-2x\"><\/i><\/a>Pr&eacute;sentation de JP Industrias Mec&aacute;nicas<\/p>\r\n<!--\r\n<p><a href=\"\/files\/servicios\/catalogo_servicios_franc.pdf\" target=\"_blank\"><img alt=\"Catalogue Services JPIM\" src=\"\/wp-content\/uploads\/directos\/pdf-icon.gif\" style=\"border-width: 0px; border-style: solid; width: 36px; height: 40px; margin-right: 10px; margin-left: 10px; vertical-align: middle; align: left;\" \/><\/a>Catalogue Services<\/p>\r\n-->"},"excerpt":{"rendered":"","protected":false,"raw":""},"author":1,"featured_media":0,"parent":0,"menu_order":0,"comment_status":"closed","ping_status":"closed","template":"","meta":{"_es_post_content":"<a href=\"\/files\/catalogos\/presentacion_es.pdf\" target=\"_blank\"><i class=\"fa fa-file-pdf-o fa-2x\"><\/i><\/a> Presentaci\u00f3n de JP Industrias Mec\u00e1nicas\r\n\r\n<!--\r\n\r\n<a href=\"\/files\/servicios\/catalogo_servicios_espanol.pdf\" target=\"_blank\"><img alt=\"Cat\u00e1logo Servicios JPIM\" src=\"images\/pdf-icon.gif\" style=\"border-top-width: 0px; border-right-width: 0px; border-bottom-width: 0px; border-left-width: 0px; border-top-style: solid; border-right-style: solid; border-bottom-style: solid; border-left-style: solid; margin-left: 10px; margin-right: 10px; align: left; width: 36px; height: 40px; vertical-align: middle;\" \/><\/a>Cat&aacute;logo de Servicios\r\n\r\n-->","_es_post_name":"descargas","_es_post_excerpt":"","_es_post_title":"Descargas","_en_post_content":"<a href=\"\/files\/catalogos\/presentacion_en.pdf\" target=\"_blank\"><i class=\"fa fa-file-pdf-o fa-2x\"><\/i><\/a> JP Industrias Mec\u00e1nicas Presentation\r\n\r\n<!--\r\n\r\n<a href=\"\/files\/servicios\/catalogo_servicios_espanol.pdf\" target=\"_blank\"><img alt=\"Cat\u00e1logo Servicios JPIM\" src=\"images\/pdf-icon.gif\" style=\"border-top-width: 0px; border-right-width: 0px; border-bottom-width: 0px; border-left-width: 0px; border-top-style: solid; border-right-style: solid; border-bottom-style: solid; border-left-style: solid; margin-left: 10px; margin-right: 10px; align: left; width: 36px; height: 40px; vertical-align: middle;\" \/><\/a>Cat&aacute;logo de Servicios\r\n\r\n-->","_en_post_name":"descargas","_en_post_excerpt":"","_en_post_title":"Downloads","_fr_post_content":"<p>\r\n\t<a href=\"\/files\/catalogos\/presentacion_fr.pdf\" target=\"_blank\"><i class=\"fa fa-file-pdf-o fa-2x\"><\/i><\/a>Pr&eacute;sentation de JP Industrias Mec&aacute;nicas<\/p>\r\n<!--\r\n<p><a href=\"\/files\/servicios\/catalogo_servicios_franc.pdf\" target=\"_blank\"><img alt=\"Catalogue Services JPIM\" src=\"\/wp-content\/uploads\/directos\/pdf-icon.gif\" style=\"border-width: 0px; border-style: solid; width: 36px; height: 40px; margin-right: 10px; margin-left: 10px; vertical-align: middle; align: left;\" \/><\/a>Catalogue Services<\/p>\r\n-->","_fr_post_name":"telechargements","_fr_post_excerpt":"","_fr_post_title":"T\u00e9l\u00e9chargements","_de_post_content":"<p>\r\n\t<a href=\"\/files\/catalogos\/presentacion_de.pdf\" target=\"_blank\"><i class=\"fa fa-file-pdf-o fa-2x\"><\/i><\/a>JP Industrias Mec&aacute;nicas - Vorstellung des Unternehmens<\/p>\r\n<!--\r\n<p>\r\n<a href=\"\/files\/servicios\/catalogo_servicios_deutsch.pdf\" target=\"_blank\"><img alt=\"JPIM Serviceleistungen Katalog\" src=\"\/wp-content\/uploads\/directos\/pdf-icon.gif\" style=\"border-width: 0px; border-style: solid; width: 36px; height: 40px; margin-right: 10px; margin-left: 10px; vertical-align: middle; align: left;\" \/><\/a>Serviceleistungen Katalog<\/p>-->","_de_post_name":"downloads","_de_post_excerpt":"","_de_post_title":"Downloads","edit_language":"fr","footnotes":""},"class_list":["post-166","page","type-page","status-publish","hentry"],"_links":{"self":[{"href":"https:\/\/jpim.es\/fr\/wp-json\/wp\/v2\/pages\/166","targetHints":{"allow":["GET"]}}],"collection":[{"href":"https:\/\/jpim.es\/fr\/wp-json\/wp\/v2\/pages"}],"about":[{"href":"https:\/\/jpim.es\/fr\/wp-json\/wp\/v2\/types\/page"}],"author":[{"embeddable":true,"href":"https:\/\/jpim.es\/fr\/wp-json\/wp\/v2\/users\/1"}],"replies":[{"embeddable":true,"href":"https:\/\/jpim.es\/fr\/wp-json\/wp\/v2\/comments?post=166"}],"version-history":[{"count":7,"href":"https:\/\/jpim.es\/fr\/wp-json\/wp\/v2\/pages\/166\/revisions"}],"predecessor-version":[{"id":297,"href":"https:\/\/jpim.es\/fr\/wp-json\/wp\/v2\/pages\/166\/revisions\/297"}],"wp:attachment":[{"href":"https:\/\/jpim.es\/fr\/wp-json\/wp\/v2\/media?parent=166"}],"curies":[{"name":"wp","href":"https:\/\/api.w.org\/{rel}","templated":true}]}}