  
{"id":38,"date":"2016-02-22T17:51:00","date_gmt":"2016-02-22T17:51:00","guid":{"rendered":"https:\/\/jpim.es\/?page_id=38"},"modified":"2016-10-03T12:02:28","modified_gmt":"2016-10-03T12:02:28","slug":"politica-de-cookies","status":"publish","type":"page","link":"https:\/\/jpim.es\/en\/politica-de-cookies\/","title":{"rendered":"","raw":""},"content":{"rendered":"","protected":false,"raw":""},"excerpt":{"rendered":"","protected":false,"raw":""},"author":1,"featured_media":0,"parent":0,"menu_order":0,"comment_status":"closed","ping_status":"closed","template":"","meta":{"_es_post_content":"<p>En cumplimiento de la Ley 34\/2002, de 11 de julio, de Servicios de la Sociedad de la Informaci\u00f3n y Comercio Electr\u00f3nico le informamos de que este sitio web, al igual que la mayor\u00eda de los sitios en Internet, usa Cookies para mejorar y optimizar la experiencia del usuario. A continuaci\u00f3n encontrar\u00e1 informaci\u00f3n detallada sobre qu\u00e9 son las \u201cCookies\u201d, qu\u00e9 tipolog\u00eda utiliza este sitio web, c\u00f3mo cambiar la configuraci\u00f3n de sus cookies, y qu\u00e9  ocurre si deshabilita las Cookies. <\/p>\r\n<h5>\u00bfQu\u00e9 son las Cookies? <\/h5>\r\n<p>Una cookie es un peque\u00f1o archivo que se descarga en el equipo del usuario con la finalidad de almacenar datos, los cuales podr\u00e1n ser actualizados y recuperados por la entidad responsable de su instalaci\u00f3n. <\/p>\r\n\r\n<h5>\u00bfQu\u00e9 tipo de Cookies utiliza esta p\u00e1gina web? <\/h5>\r\n<p>A continuaci\u00f3n se muestra una tabla con las Cookies utilizadas en este sitio web:<\/p>\r\n\r\n<table>\r\n\t<tr>\r\n\t\t<th>Dominio<\/th>\r\n\t\t<th>Nombre de la Cookie<\/th>\r\n\t\t<th>Descripci\u00f3n \/ Finalidad<\/th>\r\n\t\t<th>Proveedor<\/th>\r\n\t\t<th>Caducidad<\/th>\r\n\t<\/tr>\r\n\t<tr>\r\n\t\t<td>www.jpim.es<\/td>\r\n\t\t<td>jfcookie[lang]<\/td>\r\n\t\t<td>Gestiona el idioma de visualizaci\u00f3n del sitio web<\/td>\r\n\t\t<td>JP Industrias Mec\u00e1nicas, S.L.<\/td>\r\n\t\t<td>24 horas<\/td>\r\n\t<\/tr>\r\n\t<tr>\r\n\t\t<td>www.jpim.es<\/td>\r\n\t\t<td>[<i>ID Sesi\u00f3n<\/i>]<\/td>\r\n\t\t<td>Gestiona la sesi\u00f3n del usuario mientras navega por las p\u00e1ginas del sitio web<\/td>\r\n\t\t<td>JP Industrias Mec\u00e1nicas, S.L.<\/td>\r\n\t\t<td>Sesi\u00f3n<\/td>\r\n\t<\/tr>\r\n\t<tr>\r\n\t\t<td>www.jpim.es<\/td>\r\n\t\t<td>__utma<\/td>\r\n\t\t<td>Se usa para distinguir usuarios y sesiones. La cookie se crea cuando se ejecuta la biblioteca JavaScript y no hay ninguna cookie __utma. La cookie se actualiza cada vez que se env\u00edan datos a Google Analytics<\/td>\r\n\t\t<td>Google Analytics<\/td>\r\n\t\t<td>2 a\u00f1os<\/td>\r\n\t<\/tr>\r\n\t<tr>\r\n\t\t<td>www.jpim.es<\/td>\r\n\t\t<td>__utmb<\/td>\r\n\t\t<td>Se usa para determinar nuevas sesiones o visitas. La cookie se crea cuando se ejecuta la biblioteca JavaScript y no hay ninguna cookie __utmb. La cookie se actualiza cada vez que se env\u00edan datos a Google Analytics.<\/td>\r\n\t\t<td>Google Analytics<\/td>\r\n\t\t<td>30 minutos<\/td>\r\n\t<\/tr>\r\n\t<tr>\r\n\t\t<td>www.jpim.es<\/td>\r\n\t\t<td>__utmc<\/td>\r\n\t\t<td>Se configura para interactuar con urchin.js. Anteriormente, esta cookie actuaba junto con la cookie __utmb para determinar si el usuario estaba en una nueva sesi\u00f3n o visita.<\/td>\r\n\t\t<td>Google Analytics<\/td>\r\n\t\t<td>Sesi\u00f3n<\/td>\r\n\t<\/tr>\r\n\t<tr>\r\n\t\t<td>www.jpim.es<\/td>\r\n\t\t<td>__utmz<\/td>\r\n\t\t<td>Almacena la fuente de tr\u00e1fico o la campa\u00f1a que explica c\u00f3mo ha llegado el usuario al sitio. La cookie se crea cuando se ejecuta la biblioteca JavaScript y se actualiza cada vez que se env\u00edan datos a Google Analytics.<\/td>\r\n\t\t<td>Google Analytics<\/td>\r\n\t\t<td>6 meses<\/td>\r\n\t<\/tr>\r\n\t<tr>\r\n\t\t<td>www.jpim.es<\/td>\r\n\t\t<td>__utmt<\/td>\r\n\t\t<td>Se usa para limitar el porcentaje de solicitudes.<\/td>\r\n\t\t<td>Google Analytics<\/td>\r\n\t\t<td>10 minutos<\/td>\r\n\t<\/tr>\r\n<\/table>\r\n\r\n\t\t\t\t\r\n<h5>\u00bfC\u00f3mo puede configurar sus Cookies? <\/h5>\r\n<p>Al navegar y continuar en nuestro sitio web estar\u00e1 consintiendo el uso de las Cookies en las condiciones contenidas en la presente Pol\u00edtica de Cookies. Usted como usuario tiene la posibilidad de ejercer su derecho a bloquear, eliminar y rechazar el uso de Cookies, en todo momento, modificando las opciones de su navegador<\/p>\r\n\r\n<p>Por ejemplo: <\/p>\r\n<ol>\r\n<li>Internet Explorer: Herramientas > Opciones de Internet > Privacidad > Configuraci\u00f3n. <br \/>\r\nPara m\u00e1s informaci\u00f3n, puede consultar el soporte de Microsoft o la Ayuda del navegador. <\/li>\r\n\r\n<li>Mozilla Firefox: Herramientas > Opciones > Privacidad > Historial > Configuraci\u00f3n Personalizada. <br \/>\r\nPara m\u00e1s informaci\u00f3n, puede consultar el soporte de Mozilla o la Ayuda del navegador. <\/li>\r\n\r\n<li>Google Chrome: Configuraci\u00f3n > Mostrar opciones avanzadas > Privacidad -> Configuraci\u00f3n de contenido. <br \/>\r\nPara m\u00e1s informaci\u00f3n, puede consultar el soporte de Google o la Ayuda del navegador. <\/li>\r\n\r\n<li>Safari: Preferencias > Seguridad. <br \/>\r\nPara m\u00e1s informaci\u00f3n, puede consultar el soporte de Apple o la Ayuda del navegador. <\/li>\r\n\r\n<li>Opera: Configuraci\u00f3n > Opciones > Avanzado > Cookies <br \/>\r\nPara m\u00e1s informaci\u00f3n, puede consultar el soporte de Opera o la Ayuda del navegador. <\/li>\r\n\r\n<li>Si usa otro navegador distinto a los anteriores, consulte su pol\u00edtica de instalaci\u00f3n, uso y bloqueo de cookies.<\/li>\r\n\r\n<\/ol>\r\n\r\n<h5>\u00bfQu\u00e9 ocurre si se deshabilitan las Cookies?<\/h5>\r\n<p>Algunas funcionalidades de los Servicios o \u00e1reas de este sitio web podr\u00edan no funcionar correctamente.<\/p>\r\n\r\n \r\n<h5>\u00bfActualizamos nuestra pol\u00edtica de Cookies?<\/h5>\r\n<p>Es posible que actualicemos la pol\u00edtica de Cookies de nuestra p\u00e1gina web, por ello, le recomendamos revisar esta pol\u00edtica cadavezvez que acceda a nuestro sitio web con el objetivo de estar adecuadamente informado sobre c\u00f3mo y para que \u00fasamos las Cookies<\/p>","_es_post_name":"politica-de-cookies","_es_post_excerpt":"","_es_post_title":"Pol\u00edtica de Cookies","_en_post_content":"","_en_post_name":"politica-de-cookies","_en_post_excerpt":"","_en_post_title":"","_fr_post_content":"","_fr_post_name":"politica-de-cookies","_fr_post_excerpt":"","_fr_post_title":"","_de_post_content":"","_de_post_name":"politica-de-cookies","_de_post_excerpt":"","_de_post_title":"","edit_language":"en","footnotes":""},"class_list":["post-38","page","type-page","status-publish","hentry"],"_links":{"self":[{"href":"https:\/\/jpim.es\/en\/wp-json\/wp\/v2\/pages\/38","targetHints":{"allow":["GET"]}}],"collection":[{"href":"https:\/\/jpim.es\/en\/wp-json\/wp\/v2\/pages"}],"about":[{"href":"https:\/\/jpim.es\/en\/wp-json\/wp\/v2\/types\/page"}],"author":[{"embeddable":true,"href":"https:\/\/jpim.es\/en\/wp-json\/wp\/v2\/users\/1"}],"replies":[{"embeddable":true,"href":"https:\/\/jpim.es\/en\/wp-json\/wp\/v2\/comments?post=38"}],"version-history":[{"count":2,"href":"https:\/\/jpim.es\/en\/wp-json\/wp\/v2\/pages\/38\/revisions"}],"predecessor-version":[{"id":40,"href":"https:\/\/jpim.es\/en\/wp-json\/wp\/v2\/pages\/38\/revisions\/40"}],"wp:attachment":[{"href":"https:\/\/jpim.es\/en\/wp-json\/wp\/v2\/media?parent=38"}],"curies":[{"name":"wp","href":"https:\/\/api.w.org\/{rel}","templated":true}]}}