  
{"id":30,"date":"2016-02-22T17:47:27","date_gmt":"2016-02-22T17:47:27","guid":{"rendered":"https:\/\/jpim.es\/?page_id=30"},"modified":"2016-04-18T03:00:39","modified_gmt":"2016-04-18T03:00:39","slug":"means-of-design","status":"publish","type":"page","link":"https:\/\/jpim.es\/en\/means-of-design\/","title":{"rendered":"Means of Design","raw":"Means of Design"},"content":{"rendered":"<p>\n\tCombining decades of experience accumulated in the machining and manufacture of mechanical components and channelling this via state-of-the-art technologies, computing equipment and specific design software  both in 2D, as well as in 3D, we develop integral projects: initial data collection, design, programming, manufacture of own tooling, manufacture of parts and assembly of units.<\/p>\n<p>\n\tThe combination of close collaboration with the client and the experience accumulated by our staff in the fields of design and manufacture enables us to offer the client those proposals which best adapt to their needs, without neglecting manufacturing savings and the quality required, allowing us to optimise costs at each of the project stages, from design to manufacture.<\/p>\n<table style=\"width: 100%;\" border=\"0\" cellSpacing=\"0\" cellPadding=\"5\">\n<tbody>\n<tr>\n<th style=\"background-color: rgb(56, 103, 44);\" colSpan=\"3\">\n<p>\n\t\t\t\t\t<span style=\"color: rgb(255, 255, 255);\"><strong><strong>SOFTWARE AVAILABLE<\/strong><\/strong><\/span><\/p>\n<\/th>\n<\/tr>\n<tr>\n<td>\n<p>\t\t\t\t\tSolidWorks&nbsp; Premium&nbsp; (CAD\/CAM 3D)<\/p>\n<\/td>\n<td colSpan=\"2\">\n<p>\t\t\t\t\t<img decoding=\"async\" style=\"width: 45px; height: 30px; float: left;\" alt=\"SolidWorks&nbsp; Premium\" src=\"\/wp-content\/uploads\/directos\/galeria\/diseno\/15.jpg\">\n\t\t\t<\/td>\n<\/tr>\n<tr>\n<td>\n<p>\t\t\t\t\tAutodesk AutoCad &nbsp; (CAD 2D Y 3D)<\/p>\n<\/td>\n<td colSpan=\"2\">\n<p>\t\t\t\t\t<img decoding=\"async\" style=\"width: 45px; height: 30px; float: left;\" alt=\"Autodesk AutoCad &nbsp; (CAD 2D &#038; 3D)\" src=\"\/wp-content\/uploads\/directos\/galeria\/diseno\/14.jpg\">\n\t\t\t<\/td>\n<\/tr>\n<tr>\n<td>\n<p>Specific software for the calculation of mechanical elements (gears, bearings etc.)<\/p>\n<\/td>\n<td colSpan=\"2\">&nbsp;<\/p>\n<\/td>\n<\/tr>\n<\/tbody>\n<\/table>\n<p><\/p>\n","protected":false,"raw":"<p>\r\n\tCombining decades of experience accumulated in the machining and manufacture of mechanical components and channelling this via state-of-the-art technologies, computing equipment and specific design software  both in 2D, as well as in 3D, we develop integral projects: initial data collection, design, programming, manufacture of own tooling, manufacture of parts and assembly of units.<\/p>\r\n<p>\r\n\tThe combination of close collaboration with the client and the experience accumulated by our staff in the fields of design and manufacture enables us to offer the client those proposals which best adapt to their needs, without neglecting manufacturing savings and the quality required, allowing us to optimise costs at each of the project stages, from design to manufacture.<\/p>\r\n<table style=\"width: 100%;\" border=\"0\" cellSpacing=\"0\" cellPadding=\"5\">\r\n\t<tbody>\r\n\t\t<tr>\r\n\t\t\t<th style=\"background-color: rgb(56, 103, 44);\" colSpan=\"3\">\r\n\t\t\t\t<p>\r\n\t\t\t\t\t<span style=\"color: rgb(255, 255, 255);\"><strong><strong>SOFTWARE AVAILABLE<\/strong><\/strong><\/span><\/p>\r\n\t\t\t<\/th>\r\n\t\t<\/tr>\r\n\t\t<tr>\r\n\t\t\t<td>\r\n\t\t\t\t\r\n\t\t\t\t\tSolidWorks&nbsp; Premium&nbsp; (CAD\/CAM 3D)\r\n\r\n\t\t\t<\/td>\r\n\t\t\t<td colSpan=\"2\">\r\n\t\t\t\r\n\t\t\t\t\t<img style=\"width: 45px; height: 30px; float: left;\" alt=\"SolidWorks&nbsp; Premium\" src=\"\/wp-content\/uploads\/directos\/galeria\/diseno\/15.jpg\">\r\n\t\t\t<\/td>\r\n\t\t<\/tr>\r\n\t\t<tr>\r\n\t\t\t<td>\r\n\t\t\t\t\r\n\t\t\t\t\tAutodesk AutoCad &nbsp; (CAD 2D Y 3D)\r\n\t\t\t\r\n\t\t\t<\/td>\r\n\t\t\t<td colSpan=\"2\">\r\n\t\t\t\t\r\n\t\t\t\t\t<img style=\"width: 45px; height: 30px; float: left;\" alt=\"Autodesk AutoCad &nbsp; (CAD 2D & 3D)\" src=\"\/wp-content\/uploads\/directos\/galeria\/diseno\/14.jpg\">\r\n\t\t\t<\/td>\r\n\t\t<\/tr>\r\n\t\t<tr>\r\n\t\t\t<td>\r\n\t\t\t\t\r\n\t\t\t\t\t<p>Specific software for the calculation of mechanical elements (gears, bearings etc.)<\/p>\r\n\t\t\t<\/td>\r\n\t\t\t<td colSpan=\"2\">&nbsp;\r\n\r\n\t\t\t<\/td>\r\n\t\t<\/tr>\r\n\t<\/tbody>\r\n<\/table>\r\n<br \/>"},"excerpt":{"rendered":"","protected":false,"raw":""},"author":1,"featured_media":0,"parent":0,"menu_order":0,"comment_status":"closed","ping_status":"closed","template":"","meta":{"_es_post_content":"<p>\r\n\tCombinando d&eacute;cadas de experiencia acumulada en el mecanizado y la fabricaci&oacute;n de componentes mec&aacute;nicos y canalizando esta a trav&eacute;s de las m&aacute;s avanzadas tecnolog&iacute;as, equipos inform&aacute;ticos y software espec&iacute;fico de dise&ntilde;o tanto en 2D, como en 3D, desarrollamos proyectos &iacute;ntegros: toma de datos iniciales, dise&ntilde;o, programaci&oacute;n, fabricaci&oacute;n de utillaje propio, fabricaci&oacute;n de piezas y montaje de los conjuntos.<\/p>\r\n<p>\r\n\tLa combinaci&oacute;n de una estrecha colaboraci&oacute;n con el cliente y la experiencia acumulada por nuestro personal en las &aacute;reas de dise&ntilde;o y fabricaci&oacute;n, nos permite ofrecer al cliente las propuestas que mejor se adapten a sus necesidades sin dejar de lado la econom&iacute;a de fabricaci&oacute;n y la calidad exigida, permiti&eacute;ndonos optimizar costes en cada una de las fases de proyecto, desde el dise&ntilde;o a la fabricaci&oacute;n.<\/p>\r\n<table border=\"0\" cellpadding=\"5\" cellspacing=\"0\" style=\"width: 100%;\">\r\n\t<tbody>\r\n\t\t<tr>\r\n\t\t\t<th colspan=\"3\" style=\"background-color: rgb(56, 103, 44);\">\r\n\t\t\t\t<p>\r\n\t\t\t\t\t<span style=\"color: rgb(255, 255, 255);\"><strong><strong>SOFTWARE DISPONIBLE<\/strong><\/strong><\/span><\/p>\r\n\t\t\t<\/th>\r\n\t\t<\/tr>\r\n\t\t<tr>\r\n\t\t\t<td>\r\n\t\t\t\t\r\n\t\t\t\t\tSolidWorks&nbsp; Premium&nbsp; (CAD\/CAM 3D)\r\n\r\n\t\t\t<\/td>\r\n\t\t\t<td colspan=\"2\">\r\n\t\t\t\r\n\t\t\t\t\t<img   alt=\"SolidWorks&nbsp; Premium\" src=\"https:\/\/jpim.es\/wp-content\/uploads\/directos\/galeria\/diseno\/15.jpg\" style=\"width: 45px; height: 30px; float: left;\" \/>\r\n\t\t\t<\/td>\r\n\t\t<\/tr>\r\n\t\t<tr>\r\n\t\t\t<td>\r\n\t\t\t\t\r\n\t\t\t\t\tAutodesk AutoCad &nbsp; (CAD 2D Y 3D)\r\n\t\t\t\r\n\t\t\t<\/td>\r\n\t\t\t<td colspan=\"2\">\r\n\t\t\t\t\r\n\t\t\t\t\t<img   alt=\"Autodesk AutoCad &nbsp; (CAD 2D Y 3D)\" src=\"https:\/\/jpim.es\/wp-content\/uploads\/directos\/galeria\/diseno\/14.jpg\" style=\"width: 45px; height: 30px; float: left;\" \/>\r\n\t\t\t<\/td>\r\n\t\t<\/tr>\r\n\t\t<tr>\r\n\t\t\t<td>\r\n\t\t\t\t\r\n\t\t\t\t\t<p>Software espec&iacute;fico para c&aacute;lculo de elementos mec&aacute;nicos (engranajes, rodamientos, etc.)<\/p>\r\n\t\t\t<\/td>\r\n\t\t\t<td colspan=\"2\">&nbsp;\r\n\r\n\t\t\t<\/td>\r\n\t\t<\/tr>\r\n\t<\/tbody>\r\n<\/table>\r\n<br \/>","_es_post_name":"medios-de-diseno","_es_post_excerpt":"","_es_post_title":"Medios de Dise\u00f1o","_en_post_content":"<p>\r\n\tCombining decades of experience accumulated in the machining and manufacture of mechanical components and channelling this via state-of-the-art technologies, computing equipment and specific design software  both in 2D, as well as in 3D, we develop integral projects: initial data collection, design, programming, manufacture of own tooling, manufacture of parts and assembly of units.<\/p>\r\n<p>\r\n\tThe combination of close collaboration with the client and the experience accumulated by our staff in the fields of design and manufacture enables us to offer the client those proposals which best adapt to their needs, without neglecting manufacturing savings and the quality required, allowing us to optimise costs at each of the project stages, from design to manufacture.<\/p>\r\n<table style=\"width: 100%;\" border=\"0\" cellSpacing=\"0\" cellPadding=\"5\">\r\n\t<tbody>\r\n\t\t<tr>\r\n\t\t\t<th style=\"background-color: rgb(56, 103, 44);\" colSpan=\"3\">\r\n\t\t\t\t<p>\r\n\t\t\t\t\t<span style=\"color: rgb(255, 255, 255);\"><strong><strong>SOFTWARE AVAILABLE<\/strong><\/strong><\/span><\/p>\r\n\t\t\t<\/th>\r\n\t\t<\/tr>\r\n\t\t<tr>\r\n\t\t\t<td>\r\n\t\t\t\t\r\n\t\t\t\t\tSolidWorks&nbsp; Premium&nbsp; (CAD\/CAM 3D)\r\n\r\n\t\t\t<\/td>\r\n\t\t\t<td colSpan=\"2\">\r\n\t\t\t\r\n\t\t\t\t\t<img style=\"width: 45px; height: 30px; float: left;\" alt=\"SolidWorks&nbsp; Premium\" src=\"\/wp-content\/uploads\/directos\/galeria\/diseno\/15.jpg\">\r\n\t\t\t<\/td>\r\n\t\t<\/tr>\r\n\t\t<tr>\r\n\t\t\t<td>\r\n\t\t\t\t\r\n\t\t\t\t\tAutodesk AutoCad &nbsp; (CAD 2D Y 3D)\r\n\t\t\t\r\n\t\t\t<\/td>\r\n\t\t\t<td colSpan=\"2\">\r\n\t\t\t\t\r\n\t\t\t\t\t<img style=\"width: 45px; height: 30px; float: left;\" alt=\"Autodesk AutoCad &nbsp; (CAD 2D & 3D)\" src=\"\/wp-content\/uploads\/directos\/galeria\/diseno\/14.jpg\">\r\n\t\t\t<\/td>\r\n\t\t<\/tr>\r\n\t\t<tr>\r\n\t\t\t<td>\r\n\t\t\t\t\r\n\t\t\t\t\t<p>Specific software for the calculation of mechanical elements (gears, bearings etc.)<\/p>\r\n\t\t\t<\/td>\r\n\t\t\t<td colSpan=\"2\">&nbsp;\r\n\r\n\t\t\t<\/td>\r\n\t\t<\/tr>\r\n\t<\/tbody>\r\n<\/table>\r\n<br \/>","_en_post_name":"means-of-design","_en_post_excerpt":"","_en_post_title":"Means of Design","_fr_post_content":"<p>\r\n\tEn combinant les d\u00e9cennies d'exp\u00e9rience accumul\u00e9e au niveau de l'usinage et de la fabrication de composants m\u00e9caniques et en la canalisant au moyen des technologies les plus avanc\u00e9es, des \u00e9quipements informatiques et d'un logiciel sp\u00e9cifique de conception, aussi bien en 2D qu'en 3D, nous d\u00e9veloppons des projets int\u00e9gr\u00e9s: r\u00e9colte des donn\u00e9es initiales, conception, programmation, fabrication d'outillage propre, fabrication des pi\u00e8ces et montage des ensembles.<\/p>\r\n<p>\r\n\tLa combinaison d'une \u00e9troite collaboration avec le client \u00e0 l'exp\u00e9rience accumul\u00e9e par notre personnel dans les secteurs de la conception et de la fabrication nous permet d'offrir au client les propositions qui s'adaptent le mieux \u00e0 ses n\u00e9cessit\u00e9s sans n\u00e9gliger l'\u00e9conomie de fabrication et la qualit\u00e9 exig\u00e9e, et nous permet d'optimiser les co\u00fbts \u00e0 chacune des phases des projets, de la conception \u00e0 la fabrication.<\/p>\r\n<table style=\"width: 100%;\" border=\"0\" cellSpacing=\"0\" cellPadding=\"5\">\r\n\t<tbody>\r\n\t\t<tr>\r\n\t\t\t<th style=\"background-color: rgb(56, 103, 44);\" colSpan=\"3\">\r\n\t\t\t\t<p>\r\n\t\t\t\t\t<span style=\"color: rgb(255, 255, 255);\"><strong><strong>SOFTWARE DISPONIBLE<\/strong><\/strong><\/span><\/p>\r\n\t\t\t<\/th>\r\n\t\t<\/tr>\r\n\t\t<tr>\r\n\t\t\t<td>\r\n\t\t\t\t\r\n\t\t\t\t\tSolidWorks&nbsp; Premium&nbsp; (CAD\/CAM 3D)\r\n\r\n\t\t\t<\/td>\r\n\t\t\t<td colSpan=\"2\">\r\n\t\t\t\r\n\t\t\t\t\t<img style=\"width: 45px; height: 30px; float: left;\" alt=\"SolidWorks&nbsp; Premium\" src=\"\/wp-content\/uploads\/directos\/galeria\/diseno\/15.jpg\">\r\n\t\t\t<\/td>\r\n\t\t<\/tr>\r\n\t\t<tr>\r\n\t\t\t<td>\r\n\t\t\t\t\r\n\t\t\t\t\tAutodesk AutoCad &nbsp; (CAD 2D Y 3D)\r\n\t\t\t\r\n\t\t\t<\/td>\r\n\t\t\t<td colSpan=\"2\">\r\n\t\t\t\t\r\n\t\t\t\t\t<img style=\"width: 45px; height: 30px; float: left;\" alt=\"Autodesk AutoCad &nbsp; (CAD 2D Y 3D)\" src=\"\/wp-content\/uploads\/directos\/galeria\/diseno\/14.jpg\">\r\n\t\t\t<\/td>\r\n\t\t<\/tr>\r\n\t\t<tr>\r\n\t\t\t<td>\r\n\t\t\t\t\r\n\t\t\t\t\t<p>Software sp\u00e9cifique, pour le calcul d'\u00e9l\u00e9ments m\u00e9caniques (engrenages, roulements, etc.)<\/p>\r\n\t\t\t<\/td>\r\n\t\t\t<td colSpan=\"2\">&nbsp;\r\n\r\n\t\t\t<\/td>\r\n\t\t<\/tr>\r\n\t<\/tbody>\r\n<\/table>\r\n<br \/>","_fr_post_name":"moyens-de-conception","_fr_post_excerpt":"","_fr_post_title":"Moyens de Conception","_de_post_content":"<p>\r\nWir verbinden jahrzehntelange Erfahrung in der Herstellung von mechanischen Komponenten unter Ber\u00fccksichtigung der fortschrittlichsten Technologien und spezieller Design-Sofware in 2D und 3D, was uns erlaubt, vollst\u00e4ndige Projekte durchzuf\u00fchren ,beginnend mit Datenaufnahme, Design, Programmierung Herstellung teilebezogener Ausr\u00fcstung, Fertigung und Montage der Teile.\r\n<\/p>\r\n<p>\r\n\tDie Kombination unserer gesammelten Erfahrungen in Entwicklung und Fertigung, in Verbindung einer engen Zusammenarbeit mit dem Kunden erm\u00f6glicht es diesem Vorschl\u00e4ge anzubieten, welche sich optimal an seine Bed\u00fcrfnisse anpassen. Dies erlaubt bei Einhaltung des geforderten Qualit\u00e4tsniveau eine Kostenoptimierung in jeder Projektfase. \r\n<\/p>\r\n<table style=\"width: 100%;\" border=\"0\" cellSpacing=\"0\" cellPadding=\"5\">\r\n\t<tbody>\r\n\t\t<tr>\r\n\t\t\t<th style=\"background-color: rgb(56, 103, 44);\" colSpan=\"3\">\r\n\t\t\t\t<p>\r\n\t\t\t\t\t<span style=\"color: rgb(255, 255, 255);\"><strong><strong>VERF\u00dcGBARE SOFTWARE<\/strong><\/strong><\/span><\/p>\r\n\t\t\t<\/th>\r\n\t\t<\/tr>\r\n\t\t<tr>\r\n\t\t\t<td>\r\n\t\t\t\t\r\n\t\t\t\t\tSolidWorks&nbsp; Premium&nbsp; (CAD\/CAM 3D)\r\n\r\n\t\t\t<\/td>\r\n\t\t\t<td colSpan=\"2\">\r\n\t\t\t\r\n\t\t\t\t\t<img style=\"width: 45px; height: 30px; float: left;\" alt=\"SolidWorks&nbsp; Premium\" src=\"\/wp-content\/uploads\/directos\/galeria\/diseno\/15.jpg\">\r\n\t\t\t<\/td>\r\n\t\t<\/tr>\r\n\t\t<tr>\r\n\t\t\t<td>\r\n\t\t\t\t\r\n\t\t\t\t\tAutodesk AutoCad &nbsp; (CAD 2D - 3D)\r\n\t\t\t\r\n\t\t\t<\/td>\r\n\t\t\t<td colSpan=\"2\">\r\n\t\t\t\t\r\n\t\t\t\t\t<img style=\"width: 45px; height: 30px; float: left;\" alt=\"Autodesk AutoCad &nbsp; (CAD 2D Y 3D)\" src=\"\/wp-content\/uploads\/directos\/galeria\/diseno\/14.jpg\">\r\n\t\t\t<\/td>\r\n\t\t<\/tr>\r\n\t\t<tr>\r\n\t\t\t<td>\r\n\t\t\t\t\r\n\t\t\t\t\t<p>Spezielle Software zur Berechnung von mechanischen Elementen (R\u00e4derwerke, Lager, etc)<\/p>\r\n\t\t\t<\/td>\r\n\t\t\t<td colSpan=\"2\">&nbsp;\r\n\r\n\t\t\t<\/td>\r\n\t\t<\/tr>\r\n\t<\/tbody>\r\n<\/table>\r\n<br \/>","_de_post_name":"konstruktion","_de_post_excerpt":"","_de_post_title":"Konstruktion","edit_language":"en","footnotes":""},"class_list":["post-30","page","type-page","status-publish","hentry"],"_links":{"self":[{"href":"https:\/\/jpim.es\/en\/wp-json\/wp\/v2\/pages\/30","targetHints":{"allow":["GET"]}}],"collection":[{"href":"https:\/\/jpim.es\/en\/wp-json\/wp\/v2\/pages"}],"about":[{"href":"https:\/\/jpim.es\/en\/wp-json\/wp\/v2\/types\/page"}],"author":[{"embeddable":true,"href":"https:\/\/jpim.es\/en\/wp-json\/wp\/v2\/users\/1"}],"replies":[{"embeddable":true,"href":"https:\/\/jpim.es\/en\/wp-json\/wp\/v2\/comments?post=30"}],"version-history":[{"count":1,"href":"https:\/\/jpim.es\/en\/wp-json\/wp\/v2\/pages\/30\/revisions"}],"predecessor-version":[{"id":31,"href":"https:\/\/jpim.es\/en\/wp-json\/wp\/v2\/pages\/30\/revisions\/31"}],"wp:attachment":[{"href":"https:\/\/jpim.es\/en\/wp-json\/wp\/v2\/media?parent=30"}],"curies":[{"name":"wp","href":"https:\/\/api.w.org\/{rel}","templated":true}]}}