  
{"id":26,"date":"2016-02-22T17:46:32","date_gmt":"2016-02-22T17:46:32","guid":{"rendered":"https:\/\/jpim.es\/?page_id=26"},"modified":"2016-04-18T03:01:12","modified_gmt":"2016-04-18T03:01:12","slug":"means-of-measurement-and-control","status":"publish","type":"page","link":"https:\/\/jpim.es\/en\/means-of-measurement-and-control\/","title":{"rendered":"Means of Measurement and Control","raw":"Means of Measurement and Control"},"content":{"rendered":"<table style=\"width: 100%;\" border=\"0\" cellSpacing=\"0\" cellPadding=\"5\">\n<tbody>\n<tr>\n<th style=\"background-color: rgb(56, 103, 44);\" colSpan=\"3\">\n<p>\n\t\t\t\t\t<span style=\"color: rgb(255, 255, 255);\"><strong><strong>MEASURING EQUIPMENT PER COORDINATES<\/strong><\/strong><\/span><\/p>\n<\/th>\n<\/tr>\n<tr>\n<td>\n<p>\n\t\t\t\t\tZEISS&nbsp;&nbsp; CONTURA G2&nbsp; 10\/21\/6&nbsp; AKTIV<\/p>\n<p>\n\t\t\t\t\t<span style=\"font-size: 11px;\">X = 1.000 Y = 2.100 Z = 600<\/span><\/p>\n<\/td>\n<td colSpan=\"2\">\n<p>\n\t\t\t\t\t<strong><strong><img decoding=\"async\" style=\"width: 45px; height: 68px; margin-right: 10px; margin-left: 10px;\" alt=\"\" src=\"\/wp-content\/uploads\/directos\/medios\/tridimensional.jpg\"><\/strong><\/strong><\/p>\n<\/td>\n<\/tr>\n<tr>\n<th style=\"background-color: rgb(56, 103, 44);\" colSpan=\"3\">\n<p>\n\t\t\t\t\t<span style=\"color: rgb(255, 255, 255);\"><strong><strong>OTHER EQUIPMENT<\/strong><\/strong><\/span><\/p>\n<\/th>\n<\/tr>\n<tr>\n<td>\n<p>\n\t\t\t\t\tDurometer, Roughness meter, Thickness meters, Reference blocks, \u2026<\/p>\n<p>\n\t\t\t\t\tMicrometers for interiors and exteriors, alexometers, comparators, vernier calipers, &#8230;<\/p>\n<p>&nbsp;\n\t\t\t\t\t<\/p>\n<p>\n\t\t\t\t\t<span style=\"color: rgb(56, 103, 44);\">All calibrated on ENAC and used in accordance with ISO 9001 procedures.<\/span><\/p>\n<\/td>\n<td colSpan=\"2\">\n<p>\n\t\t\t\t\t<img decoding=\"async\" style=\"width: 45px; height: 30px;\" alt=\"\" src=\"\/wp-content\/uploads\/directos\/medios\/036.JPG\"><\/p>\n<\/td>\n<\/tr>\n<\/tbody>\n<\/table>\n<p><\/p>\n","protected":false,"raw":"<table style=\"width: 100%;\" border=\"0\" cellSpacing=\"0\" cellPadding=\"5\">\r\n\t<tbody>\r\n\t\t<tr>\r\n\t\t\t<th style=\"background-color: rgb(56, 103, 44);\" colSpan=\"3\">\r\n\t\t\t\t<p>\r\n\t\t\t\t\t<span style=\"color: rgb(255, 255, 255);\"><strong><strong>MEASURING EQUIPMENT PER COORDINATES<\/strong><\/strong><\/span><\/p>\r\n\t\t\t<\/th>\r\n\t\t<\/tr>\r\n\t\t<tr>\r\n\t\t\t<td>\r\n\t\t\t\t<p>\r\n\t\t\t\t\tZEISS&nbsp;&nbsp; CONTURA G2&nbsp; 10\/21\/6&nbsp; AKTIV<\/p>\r\n\t\t\t\t<p>\r\n\t\t\t\t\t<span style=\"font-size: 11px;\">X = 1.000 Y = 2.100 Z = 600<\/span><\/p>\r\n\t\t\t<\/td>\r\n\t\t\t<td colSpan=\"2\">\r\n\t\t\t\t<p>\r\n\t\t\t\t\t<strong><strong><img style=\"width: 45px; height: 68px; margin-right: 10px; margin-left: 10px;\" alt=\"\" src=\"\/wp-content\/uploads\/directos\/medios\/tridimensional.jpg\"><\/strong><\/strong><\/p>\r\n\t\t\t<\/td>\r\n\t\t<\/tr>\r\n\t\t<tr>\r\n\t\t\t<th style=\"background-color: rgb(56, 103, 44);\" colSpan=\"3\">\r\n\t\t\t\t<p>\r\n\t\t\t\t\t<span style=\"color: rgb(255, 255, 255);\"><strong><strong>OTHER EQUIPMENT<\/strong><\/strong><\/span><\/p>\r\n\t\t\t<\/th>\r\n\t\t<\/tr>\r\n\t\t<tr>\r\n\t\t\t<td>\r\n\t\t\t\t<p>\r\n\t\t\t\t\tDurometer, Roughness meter, Thickness meters, Reference blocks, \u2026<\/p>\r\n\t\t\t\t<p>\r\n\t\t\t\t\tMicrometers for interiors and exteriors, alexometers, comparators, vernier calipers, ...<\/p>\r\n\t\t\t\t<p>&nbsp;\r\n\t\t\t\t\t<\/p>\r\n\t\t\t\t<p>\r\n\t\t\t\t\t<span style=\"color: rgb(56, 103, 44);\">All calibrated on ENAC and used in accordance with ISO 9001 procedures.<\/span><\/p>\r\n\t\t\t<\/td>\r\n\t\t\t<td colSpan=\"2\">\r\n\t\t\t\t<p>\r\n\t\t\t\t\t<img style=\"width: 45px; height: 30px;\" alt=\"\" src=\"\/wp-content\/uploads\/directos\/medios\/036.JPG\"><\/p>\r\n\t\t\t<\/td>\r\n\t\t<\/tr>\r\n\t<\/tbody>\r\n<\/table>\r\n<br \/>"},"excerpt":{"rendered":"","protected":false,"raw":""},"author":1,"featured_media":0,"parent":0,"menu_order":0,"comment_status":"closed","ping_status":"closed","template":"","meta":{"_es_post_content":"<table border=\"0\" cellpadding=\"5\" cellspacing=\"0\" style=\"width: 100%;\">\r\n\t<tbody>\r\n\t\t<tr>\r\n\t\t\t<th colspan=\"3\" style=\"background-color: rgb(56, 103, 44);\">\r\n\t\t\t\t<p>\r\n\t\t\t\t\t<span style=\"color: rgb(255, 255, 255);\"><strong><strong>EQUIPOS DE MEDICI&Oacute;N POR COORDENADAS<\/strong><\/strong><\/span><\/p>\r\n\t\t\t<\/th>\r\n\t\t<\/tr>\r\n\t\t<tr>\r\n\t\t\t<td>\r\n\t\t\t\t<p>\r\n\t\t\t\t\tZEISS&nbsp;&nbsp; CONTURA G2&nbsp; 10\/21\/6&nbsp; AKTIV<\/p>\r\n\t\t\t\t<p>\r\n\t\t\t\t\t<span style=\"font-size:11px;\">X = 1.000 Y = 2.100 Z = 600<\/span><\/p>\r\n\t\t\t<\/td>\r\n\t\t\t<td colspan=\"2\">\r\n\t\t\t\t<p>\r\n\t\t\t\t\t<strong><strong><img   alt=\"\" src=\"https:\/\/jpim.es\/wp-content\/uploads\/directos\/medios\/tridimensional.jpg\" style=\"width: 45px; height: 68px; margin-left: 10px; margin-right: 10px;\" \/><\/strong><\/strong><\/p>\r\n\t\t\t<\/td>\r\n\t\t<\/tr>\r\n\t\t<tr>\r\n\t\t\t<th colspan=\"3\" style=\"background-color: rgb(56, 103, 44);\">\r\n\t\t\t\t<p>\r\n\t\t\t\t\t<span style=\"color: rgb(255, 255, 255);\"><strong><strong>OTROS EQUIPOS<\/strong><\/strong><\/span><\/p>\r\n\t\t\t<\/th>\r\n\t\t<\/tr>\r\n\t\t<tr>\r\n\t\t\t<td>\r\n\t\t\t\t<p>\r\n\t\t\t\t\tDur&oacute;metro, Rugos&iacute;metros, Medidores de espesor, Bloques patr&oacute;n, &hellip;<\/p>\r\n\t\t\t\t<p>\r\n\t\t\t\t\tMicr&oacute;metros de interiores y exteriores, alex&oacute;metros, comparadores , calibres pi&eacute; de rey, ...<\/p>\r\n\t\t\t\t<p>\r\n\t\t\t\t\t&nbsp;<\/p>\r\n\t\t\t\t<p>\r\n\t\t\t\t\t<span style=\"color: rgb(56, 103, 44);\">Todos ellos calibrados s\/ENAC y utilizados seg&uacute;n procedimientos ISO 9001<\/span><\/p>\r\n\t\t\t<\/td>\r\n\t\t\t<td colspan=\"2\">\r\n\t\t\t\t<p>\r\n\t\t\t\t\t<img   alt=\"\" src=\"https:\/\/jpim.es\/wp-content\/uploads\/directos\/medios\/036.JPG\" style=\"width: 45px; height: 30px;\" \/><\/p>\r\n\t\t\t<\/td>\r\n\t\t<\/tr>\r\n\t<\/tbody>\r\n<\/table>\r\n<br \/>","_es_post_name":"medios-de-medida-y-control","_es_post_excerpt":"","_es_post_title":"Medios de Medida y Control","_en_post_content":"<table style=\"width: 100%;\" border=\"0\" cellSpacing=\"0\" cellPadding=\"5\">\r\n\t<tbody>\r\n\t\t<tr>\r\n\t\t\t<th style=\"background-color: rgb(56, 103, 44);\" colSpan=\"3\">\r\n\t\t\t\t<p>\r\n\t\t\t\t\t<span style=\"color: rgb(255, 255, 255);\"><strong><strong>MEASURING EQUIPMENT PER COORDINATES<\/strong><\/strong><\/span><\/p>\r\n\t\t\t<\/th>\r\n\t\t<\/tr>\r\n\t\t<tr>\r\n\t\t\t<td>\r\n\t\t\t\t<p>\r\n\t\t\t\t\tZEISS&nbsp;&nbsp; CONTURA G2&nbsp; 10\/21\/6&nbsp; AKTIV<\/p>\r\n\t\t\t\t<p>\r\n\t\t\t\t\t<span style=\"font-size: 11px;\">X = 1.000 Y = 2.100 Z = 600<\/span><\/p>\r\n\t\t\t<\/td>\r\n\t\t\t<td colSpan=\"2\">\r\n\t\t\t\t<p>\r\n\t\t\t\t\t<strong><strong><img style=\"width: 45px; height: 68px; margin-right: 10px; margin-left: 10px;\" alt=\"\" src=\"\/wp-content\/uploads\/directos\/medios\/tridimensional.jpg\"><\/strong><\/strong><\/p>\r\n\t\t\t<\/td>\r\n\t\t<\/tr>\r\n\t\t<tr>\r\n\t\t\t<th style=\"background-color: rgb(56, 103, 44);\" colSpan=\"3\">\r\n\t\t\t\t<p>\r\n\t\t\t\t\t<span style=\"color: rgb(255, 255, 255);\"><strong><strong>OTHER EQUIPMENT<\/strong><\/strong><\/span><\/p>\r\n\t\t\t<\/th>\r\n\t\t<\/tr>\r\n\t\t<tr>\r\n\t\t\t<td>\r\n\t\t\t\t<p>\r\n\t\t\t\t\tDurometer, Roughness meter, Thickness meters, Reference blocks, \u2026<\/p>\r\n\t\t\t\t<p>\r\n\t\t\t\t\tMicrometers for interiors and exteriors, alexometers, comparators, vernier calipers, ...<\/p>\r\n\t\t\t\t<p>&nbsp;\r\n\t\t\t\t\t<\/p>\r\n\t\t\t\t<p>\r\n\t\t\t\t\t<span style=\"color: rgb(56, 103, 44);\">All calibrated on ENAC and used in accordance with ISO 9001 procedures.<\/span><\/p>\r\n\t\t\t<\/td>\r\n\t\t\t<td colSpan=\"2\">\r\n\t\t\t\t<p>\r\n\t\t\t\t\t<img style=\"width: 45px; height: 30px;\" alt=\"\" src=\"\/wp-content\/uploads\/directos\/medios\/036.JPG\"><\/p>\r\n\t\t\t<\/td>\r\n\t\t<\/tr>\r\n\t<\/tbody>\r\n<\/table>\r\n<br \/>","_en_post_name":"means-of-measurement-and-control","_en_post_excerpt":"","_en_post_title":"Means of Measurement and Control","_fr_post_content":"<table style=\"width: 100%;\" border=\"0\" cellSpacing=\"0\" cellPadding=\"5\">\r\n\t<tbody>\r\n\t\t<tr>\r\n\t\t\t<th style=\"background-color: rgb(56, 103, 44);\" colSpan=\"3\">\r\n\t\t\t\t<p>\r\n\t\t\t\t\t<span style=\"color: rgb(255, 255, 255);\"><strong><strong>\u00c9QUIPEMENTS DE MESURE DES COORDONN\u00c9ES<\/strong><\/strong><\/span><\/p>\r\n\t\t\t<\/th>\r\n\t\t<\/tr>\r\n\t\t<tr>\r\n\t\t\t<td>\r\n\t\t\t\t<p>\r\n\t\t\t\t\tZEISS&nbsp;&nbsp; CONTURA G2&nbsp; 10\/21\/6&nbsp; AKTIV<\/p>\r\n\t\t\t\t<p>\r\n\t\t\t\t\t<span style=\"font-size: 11px;\">X = 1.000 Y = 2.100 Z = 600<\/span><\/p>\r\n\t\t\t<\/td>\r\n\t\t\t<td colSpan=\"2\">\r\n\t\t\t\t<p>\r\n\t\t\t\t\t<strong><strong><img style=\"width: 45px; height: 68px; margin-right: 10px; margin-left: 10px;\" alt=\"\" src=\"\/wp-content\/uploads\/directos\/medios\/tridimensional.jpg\"><\/strong><\/strong><\/p>\r\n\t\t\t<\/td>\r\n\t\t<\/tr>\r\n\t\t<tr>\r\n\t\t\t<th style=\"background-color: rgb(56, 103, 44);\" colSpan=\"3\">\r\n\t\t\t\t<p>\r\n\t\t\t\t\t<span style=\"color: rgb(255, 255, 255);\"><strong><strong>AUTRES \u00c9QUIPEMENTS<\/strong><\/strong><\/span><\/p>\r\n\t\t\t<\/th>\r\n\t\t<\/tr>\r\n\t\t<tr>\r\n\t\t\t<td>\r\n\t\t\t\t<p>\r\n\t\t\t\t\tDurom\u00e8tre, rugosim\u00e8tres, mesureurs d'\u00e9paisseur, blocs de r\u00e9f\u00e9rence\u2026<\/p>\r\n\t\t\t\t<p>\r\n\t\t\t\t\tMicrom\u00e8tres d'int\u00e9rieurs et ext\u00e9rieurs, alexom\u00e8tres, comparateurs, calibres \u00e0 coulisse...<\/p>\r\n\t\t\t\t<p>\r\n\t\t\t\t\t&nbsp;<\/p>\r\n\t\t\t\t<p>\r\n\t\t\t\t\t<span style=\"color: rgb(56, 103, 44);\">Tous \u00e9talonn\u00e9s par l'ENAC et utilis\u00e9s selon des proc\u00e9dures ISO 9001<\/span><\/p>\r\n\t\t\t<\/td>\r\n\t\t\t<td colSpan=\"2\">\r\n\t\t\t\t<p>\r\n\t\t\t\t\t<img style=\"width: 45px; height: 30px;\" alt=\"\" src=\"\/wp-content\/uploads\/directos\/medios\/036.JPG\"><\/p>\r\n\t\t\t<\/td>\r\n\t\t<\/tr>\r\n\t<\/tbody>\r\n<\/table>\r\n<br \/>","_fr_post_name":"moyens-de-mesure-et-de-controle","_fr_post_excerpt":"","_fr_post_title":"Moyens de Mesure et de Contr\u00f4le","_de_post_content":"<table style=\"width: 100%;\" border=\"0\" cellSpacing=\"0\" cellPadding=\"5\">\r\n\t<tbody>\r\n\t\t<tr>\r\n\t\t\t<th style=\"background-color: rgb(56, 103, 44);\" colSpan=\"3\">\r\n\t\t\t\t<p>\r\n\t\t\t\t\t<span style=\"color: rgb(255, 255, 255);\"><strong><strong>KOORDINATENMESSANLAGE<\/strong><\/strong><\/span><\/p>\r\n\t\t\t<\/th>\r\n\t\t<\/tr>\r\n\t\t<tr>\r\n\t\t\t<td>\r\n\t\t\t\t<p>\r\n\t\t\t\t\tZEISS&nbsp;&nbsp; CONTURA G2&nbsp; 10\/21\/6&nbsp; AKTIV<\/p>\r\n\t\t\t\t<p>\r\n\t\t\t\t\t<span style=\"font-size: 11px;\">X = 1.000 Y = 2.100 Z = 600<\/span><\/p>\r\n\t\t\t<\/td>\r\n\t\t\t<td colSpan=\"2\">\r\n\t\t\t\t<p>\r\n\t\t\t\t\t<strong><strong><img style=\"width: 45px; height: 68px; margin-right: 10px; margin-left: 10px;\" alt=\"\" src=\"\/wp-content\/uploads\/directos\/medios\/tridimensional.jpg\"><\/strong><\/strong><\/p>\r\n\t\t\t<\/td>\r\n\t\t<\/tr>\r\n\t\t<tr>\r\n\t\t\t<th style=\"background-color: rgb(56, 103, 44);\" colSpan=\"3\">\r\n\t\t\t\t<p>\r\n\t\t\t\t\t<span style=\"color: rgb(255, 255, 255);\"><strong><strong>AUSSERDEM DIVERSE KONVENTIONELLE MESSGER\u00c4TE<\/strong><\/strong><\/span><\/p>\r\n\t\t\t<\/th>\r\n\t\t<\/tr>\r\n\t\t<tr>\r\n\t\t\t<td>\r\n\t\t\t\t<p>ALLE INSTRUMENTE SIND GEM\u00c4SS <strong>ENAC<\/strong> GEEICHT UND WERDEN NACH <strong>ISO 9001<\/strong> VORSCHRIFT ANGEWENDET.\r\n<\/p>\r\n\t\t\t<\/td>\r\n\t\t\t<td colSpan=\"2\">\r\n\t\t\t\t<p>\r\n\t\t\t\t\t<img style=\"width: 45px; height: 30px;\" alt=\"\" src=\"\/wp-content\/uploads\/directos\/medios\/036.JPG\"><\/p>\r\n\t\t\t<\/td>\r\n\t\t<\/tr>\r\n\t<\/tbody>\r\n<\/table>\r\n<br \/>","_de_post_name":"qualitatsuberwachung","_de_post_excerpt":"","_de_post_title":"Qualit\u00e4ts\u00fcberwachung","edit_language":"en","footnotes":""},"class_list":["post-26","page","type-page","status-publish","hentry"],"_links":{"self":[{"href":"https:\/\/jpim.es\/en\/wp-json\/wp\/v2\/pages\/26","targetHints":{"allow":["GET"]}}],"collection":[{"href":"https:\/\/jpim.es\/en\/wp-json\/wp\/v2\/pages"}],"about":[{"href":"https:\/\/jpim.es\/en\/wp-json\/wp\/v2\/types\/page"}],"author":[{"embeddable":true,"href":"https:\/\/jpim.es\/en\/wp-json\/wp\/v2\/users\/1"}],"replies":[{"embeddable":true,"href":"https:\/\/jpim.es\/en\/wp-json\/wp\/v2\/comments?post=26"}],"version-history":[{"count":1,"href":"https:\/\/jpim.es\/en\/wp-json\/wp\/v2\/pages\/26\/revisions"}],"predecessor-version":[{"id":27,"href":"https:\/\/jpim.es\/en\/wp-json\/wp\/v2\/pages\/26\/revisions\/27"}],"wp:attachment":[{"href":"https:\/\/jpim.es\/en\/wp-json\/wp\/v2\/media?parent=26"}],"curies":[{"name":"wp","href":"https:\/\/api.w.org\/{rel}","templated":true}]}}