  
{"id":34,"date":"2016-02-22T17:48:21","date_gmt":"2016-02-22T17:48:21","guid":{"rendered":"https:\/\/jpim.es\/?page_id=34"},"modified":"2016-04-18T03:00:01","modified_gmt":"2016-04-18T03:00:01","slug":"einfuhrung","status":"publish","type":"page","link":"https:\/\/jpim.es\/de\/","title":{"rendered":"Einf\u00fchrung","raw":"Einf\u00fchrung"},"content":{"rendered":"<p>\n\t<span style=\"font-size: 18px;\"><span style=\"font-family: trebuchet ms,helvetica,sans-serif;\"><span style=\"color: rgb(45, 102, 41);\"><strong>JP INDUSTRIAS MEC\u00c1NICAS<\/strong><\/span><\/span><\/span>, S.L. wurde im Jahr 1951 gegr\u00fcndet als Hersteller mechanischer Komponenten f\u00fcr die Automobil- und Baumschinenindustrie, sowie Land- und Forstmaschinen.<\/p>\n<p>\n\tWir sind spezialisiert auf die Konstruktion und der Herstellung von Achs-,Transfer- und Reduktionsgetriebe.<\/p>\n<p>\n\tDas Werksgel\u00e4nde nimmt etwa 12.000 qm ein, mit einer \u00fcberdachten Fl\u00e4che von 3.600 qm.<\/p>\n<p>\nDie von uns eingesetzten Herstellungsmethoden und Qualit\u00e4tssysteme erreichen ein angemessenes<br \/>\nNiveau an Zuverl\u00e4ssigkeit f\u00fcr alle Produkte und sind abgestimmt auf die von unseren Kunden<br \/>\nvorgegebenen Bedingungen.\n\t<\/p>\n<p>\n\t&nbsp;<\/p>\n<p>\n\t&nbsp;<\/p>\n<p>\n\t&nbsp;<\/p>\n","protected":false,"raw":"<p>\r\n\t<span style=\"font-size: 18px;\"><span style=\"font-family: trebuchet ms,helvetica,sans-serif;\"><span style=\"color: rgb(45, 102, 41);\"><strong>JP INDUSTRIAS MEC\u00c1NICAS<\/strong><\/span><\/span><\/span>, S.L. wurde im Jahr 1951 gegr\u00fcndet als Hersteller mechanischer Komponenten f\u00fcr die Automobil- und Baumschinenindustrie, sowie Land- und Forstmaschinen.<\/p>\r\n<p>\r\n\tWir sind spezialisiert auf die Konstruktion und der Herstellung von Achs-,Transfer- und Reduktionsgetriebe.<\/p>\r\n<p>\r\n\tDas Werksgel\u00e4nde nimmt etwa 12.000 qm ein, mit einer \u00fcberdachten Fl\u00e4che von 3.600 qm.<\/p>\r\n<p>\r\nDie von uns eingesetzten Herstellungsmethoden und Qualit\u00e4tssysteme erreichen ein angemessenes\r\nNiveau an Zuverl\u00e4ssigkeit f\u00fcr alle Produkte und sind abgestimmt auf die von unseren Kunden\r\nvorgegebenen Bedingungen.\r\n\t<\/p>\r\n<p>\r\n\t&nbsp;<\/p>\r\n<p>\r\n\t&nbsp;<\/p>\r\n<p>\r\n\t<br \/>\r\n\t<br \/>\r\n\t<br \/>\r\n\t&nbsp;<\/p>"},"excerpt":{"rendered":"","protected":false,"raw":""},"author":1,"featured_media":0,"parent":0,"menu_order":0,"comment_status":"closed","ping_status":"closed","template":"","meta":{"_es_post_content":"<p>\r\n\t<span style=\"font-size: 18px;\"><span style=\"font-family: trebuchet ms,helvetica,sans-serif;\"><span style=\"color: rgb(45, 102, 41);\"><strong>JP INDUSTRIAS MEC&Aacute;NICAS<\/strong><\/span><\/span><\/span>, S.L. es una empresa fundada en el a&ntilde;o 1951, dedicada a la fabricaci&oacute;n de componentes mec&aacute;nicos dedicados principalmente a la industria del autom&oacute;vil, maquinaria de obras p&uacute;blicas, maquinaria forestal y maquinaria agr&iacute;cola.<\/p>\r\n<p>\r\n\tEspecializada en dise&ntilde;o y fabricaci&oacute;n de ejes diferenciales, cajas transfer, reductores, ganchos de remolque, cabrestantes de arrastre y remolques de tracci&oacute;n.<\/p>\r\n<p>\r\n\tSus instalaciones ocupan unos 12.000 m<sup>2<\/sup>, con una superficie cubierta de 3.600 m<sup>2<\/sup> distribuidos de la siguiente forma:<\/p>\r\n<p style=\"margin-left: 40px; \">\r\n\t\u25cf&nbsp;Nave industrial dedicada a la fabricaci&oacute;n &rarr;&nbsp;<strong>2800 m<sup>2<\/sup><\/strong><br \/>\r\n\t\u25cf&nbsp;Oficinas administrativas &rarr;&nbsp;<strong>260 m<sup>2<\/sup><\/strong><br \/>\r\n\t\u25cf&nbsp;&Aacute;rea de almac&eacute;n y otros usos&nbsp;&rarr;<strong>&nbsp;260 m<sup>2<\/sup><\/strong><br \/>\r\n\t\u25cf&nbsp;Anexo de sala de compresores y otros usos &rarr;&nbsp;<strong>280 m<sup>2<\/sup><\/strong><\/p>\r\n<p>\r\n\t<strong>Los m&eacute;todos de fabricaci&oacute;n y sistema de calidad implantados confieren un adecuado nivel de fiabilidad en todos sus productos, de acuerdo a las condiciones detalladas por nuestros clientes.<\/strong><\/p>\r\n<p>\r\n\t&nbsp;<\/p>\r\n<p>\r\n\t&nbsp;<\/p>\r\n<p>\r\n\t<br \/>\r\n\t<br \/>\r\n\t<br \/>\r\n\t&nbsp;<\/p>","_es_post_name":"la-empresa","_es_post_excerpt":"","_es_post_title":"La Empresa","_en_post_content":"<p>\r\n\t<span style=\"font-size: 18px;\"><span style=\"font-family: trebuchet ms,helvetica,sans-serif;\"><span style=\"color: rgb(45, 102, 41);\"><strong>JP INDUSTRIAS MEC&Aacute;NICAS<\/strong><\/span><\/span><\/span>, is a company founded in 1951, dedicated to the manufacture of mechanical components, in the main in the automotive industry, public works&rsquo; machinery, forest machinery and agricultural machinery.<\/p>\r\n<p>\r\n\tSpecialised in the design and manufacture of differential axles, transfer boxes, gearboxes, tow hooks, pulling winches and tractor-drawn trailers.<\/p>\r\n<p>\r\n\tIts premises take up around 12,000 m2 with a covered surface area of 3,600 m2 distributed as follows:<\/p>\r\n<p style=\"margin-left: 40px;\">\r\n\t\u25cf&nbsp;Industrial unit dedicated to manufacture &rarr;&nbsp;<strong>2800 m<sup>2<\/sup><\/strong><br \/>\r\n\t\u25cf&nbsp;Administrative offices &rarr;&nbsp;<strong>260 m<sup>2<\/sup><\/strong><br \/>\r\n\t\u25cf&nbsp;Warehouse ara and other uses &nbsp;&rarr;<strong>&nbsp;260 m<sup>2<\/sup><\/strong><br \/>\r\n\t\u25cf&nbsp;Annex to compressor room and other uses &rarr;&nbsp;<strong>280 m<sup>2<\/sup><\/strong><\/p>\r\n<p>\r\n\t<strong>The manufacturing methods and quality system implemented bestow an appropriate level of reliability in all its products in accordance with the conditions detailed by our clients.<\/strong><\/p>\r\n\r\n<p>\r\n\t&nbsp;<\/p>\r\n<p>\r\n\t&nbsp;<\/p>\r\n<p>\r\n\t<br \/>\r\n\t<br \/>\r\n\t<br \/>\r\n\t&nbsp;<\/p>","_en_post_name":"the-company","_en_post_excerpt":"","_en_post_title":"The Company","_fr_post_content":"<p>\r\n\t<span style=\"font-size: 18px;\"><span style=\"font-family: trebuchet ms,helvetica,sans-serif;\"><span style=\"color: rgb(45, 102, 41);\"><strong>JP INDUSTRIAS MEC\u00c1NICAS<\/strong><\/span><\/span><\/span>, S.L. est une entreprise fond\u00e9e en 1951, qui se consacre \u00e0 la fabrication de composants m\u00e9caniques d\u00e9di\u00e9s principalement \u00e0 l'industrie automobile et aux machines de travaux publics, foresti\u00e8res et agricoles.<\/p>\r\n<p>\r\n\tSp\u00e9cialis\u00e9e dans la conception et la fabrication d'arbres diff\u00e9rentiels, de caisses de transfert, de r\u00e9ducteurs, de crochets de remorque, de treuils de traction et de remorques.<\/p>\r\n<p>\r\n\tSes installations occupent 12 000 m<sup>2<\/sup>, avec une surface couverte de 3 600 m<sup>2<\/sup> distribu\u00e9s de la mani\u00e8re suivante:\r\n<\/p>\r\n<p style=\"margin-left: 40px;\">\r\n\t\u25cf&nbsp;B\u00e2timent industriel d\u00e9di\u00e9 \u00e0 la fabrication \u2192&nbsp;<strong>2800 m<sup>2<\/sup><\/strong><br \/>\r\n\t\u25cf&nbsp;Bureaux administratifs \u2192&nbsp;<strong>260 m<sup>2<\/sup><\/strong><br \/>\r\n\t\u25cf&nbsp;Zone de magasin et autres utilisations&nbsp;\u2192<strong>&nbsp;260 m<sup>2<\/sup><\/strong><br \/>\r\n\t\u25cf&nbsp;B\u00e2timent annexe de la salle de compresseurs et autres utilisations \u2192&nbsp;<strong>280 m<sup>2<\/sup><\/strong><\/p>\r\n<p>\r\n\t<strong>Les m\u00e9thodes de fabrication et le syst\u00e8me de qualit\u00e9 implant\u00e9s conf\u00e8rent un niveau de fiabilit\u00e9 ad\u00e9quat \u00e0 tous ses produits, en accord avec les exigences d\u00e9taill\u00e9es de nos clients.<\/strong><\/p>\r\n<p>\r\n\t&nbsp;<\/p>\r\n<p>\r\n\t&nbsp;<\/p>\r\n<p>\r\n\t<br \/>\r\n\t<br \/>\r\n\t<br \/>\r\n\t&nbsp;<\/p>","_fr_post_name":"enterprise","_fr_post_excerpt":"","_fr_post_title":"Enterprise","_de_post_content":"<p>\r\n\t<span style=\"font-size: 18px;\"><span style=\"font-family: trebuchet ms,helvetica,sans-serif;\"><span style=\"color: rgb(45, 102, 41);\"><strong>JP INDUSTRIAS MEC\u00c1NICAS<\/strong><\/span><\/span><\/span>, S.L. wurde im Jahr 1951 gegr\u00fcndet als Hersteller mechanischer Komponenten f\u00fcr die Automobil- und Baumschinenindustrie, sowie Land- und Forstmaschinen.<\/p>\r\n<p>\r\n\tWir sind spezialisiert auf die Konstruktion und der Herstellung von Achs-,Transfer- und Reduktionsgetriebe.<\/p>\r\n<p>\r\n\tDas Werksgel\u00e4nde nimmt etwa 12.000 qm ein, mit einer \u00fcberdachten Fl\u00e4che von 3.600 qm.<\/p>\r\n<p>\r\nDie von uns eingesetzten Herstellungsmethoden und Qualit\u00e4tssysteme erreichen ein angemessenes\r\nNiveau an Zuverl\u00e4ssigkeit f\u00fcr alle Produkte und sind abgestimmt auf die von unseren Kunden\r\nvorgegebenen Bedingungen.\r\n\t<\/p>\r\n<p>\r\n\t&nbsp;<\/p>\r\n<p>\r\n\t&nbsp;<\/p>\r\n<p>\r\n\t<br \/>\r\n\t<br \/>\r\n\t<br \/>\r\n\t&nbsp;<\/p>","_de_post_name":"einfuhrung","_de_post_excerpt":"","_de_post_title":"Einf\u00fchrung","edit_language":"de","footnotes":""},"class_list":["post-34","page","type-page","status-publish","hentry"],"_links":{"self":[{"href":"https:\/\/jpim.es\/de\/wp-json\/wp\/v2\/pages\/34","targetHints":{"allow":["GET"]}}],"collection":[{"href":"https:\/\/jpim.es\/de\/wp-json\/wp\/v2\/pages"}],"about":[{"href":"https:\/\/jpim.es\/de\/wp-json\/wp\/v2\/types\/page"}],"author":[{"embeddable":true,"href":"https:\/\/jpim.es\/de\/wp-json\/wp\/v2\/users\/1"}],"replies":[{"embeddable":true,"href":"https:\/\/jpim.es\/de\/wp-json\/wp\/v2\/comments?post=34"}],"version-history":[{"count":1,"href":"https:\/\/jpim.es\/de\/wp-json\/wp\/v2\/pages\/34\/revisions"}],"predecessor-version":[{"id":35,"href":"https:\/\/jpim.es\/de\/wp-json\/wp\/v2\/pages\/34\/revisions\/35"}],"wp:attachment":[{"href":"https:\/\/jpim.es\/de\/wp-json\/wp\/v2\/media?parent=34"}],"curies":[{"name":"wp","href":"https:\/\/api.w.org\/{rel}","templated":true}]}}